{"id":15,"date":"2022-05-23T17:18:55","date_gmt":"2022-05-23T15:18:55","guid":{"rendered":"http:\/\/geoconseils.lu\/?page_id=15"},"modified":"2025-06-26T11:08:22","modified_gmt":"2025-06-26T09:08:22","slug":"home","status":"publish","type":"page","link":"https:\/\/geoconseils.lu\/de\/","title":{"rendered":"Home"},"content":{"rendered":"<p>[vc_section full_width=&#8220;stretch_row&#8220; el_id=&#8220;intro&#8220; css=&#8220;.vc_custom_1744700361743{background: #747373 url(https:\/\/geoconseils.lu\/wp-content\/uploads\/2025\/04\/Group-808.png?id=935) !important;}&#8220;][vc_row][vc_column width=&#8220;1\/2&#8243;][\/vc_column][vc_column width=&#8220;1\/2&#8243;][vc_column_text]<\/p>\n<h1 class=\"upper\">G\u00e9oconseils<\/h1>\n<p>[\/vc_column_text][vc_column_text css=&#8220;.vc_custom_1654002150054{margin-bottom: 0px !important;}&#8220; el_id=&#8220;intro-text&#8220;]<strong>Das Ingenieurb\u00fcro G\u00e9oconseils hat sich auf verschiedenste Problemstellungen in Sachen Untergrund spezialisiert und hat umfassendes Fachwissen in den Bereichen Geotechnik, Umwelt und Verwaltung kontaminierter Standorte, Hydrogeologie, Engineering, Naturgefahren, Ingenieurgeologie uvm. Da sich die verschiedenen Kompetenzbereiche perfekt erg\u00e4nzen, konnte sich das 2004 gegr\u00fcndete Unternehmen mit seinen ma\u00dfgeschneiderten L\u00f6sungen und hochwertigen Leistungen nicht nur im Gro\u00dfherzogtum Luxemburg, sondern in der gesamten Gro\u00dfregion durchsetzen.<\/strong>[\/vc_column_text][vc_btn title=&#8220;Mehr \u00fcber uns erfahren&#8220; link=&#8220;url:%2Fde%2Fdas-unternehmen%2F|title:Das%20Unternehmen&#8220; el_class=&#8220;cta-btn upper&#8220;][\/vc_column][\/vc_row][vc_row full_width=&#8220;stretch_row_content_no_spaces&#8220; el_class=&#8220;skew-bot-row skew-bot-row-light&#8220;][vc_column][\/vc_column][\/vc_row][\/vc_section][vc_section full_width=&#8220;stretch_row&#8220; css=&#8220;.vc_custom_1653998613598{background-color: #747373 !important;}&#8220; el_class=&#8220;top-pad-4&#8243; el_id=&#8220;home-activity-sec&#8220;][vc_row el_class=&#8220;bot-mar-4&#8243;][vc_column][vc_column_text el_class=&#8220;al-center white&#8220;]<\/p>\n<h2 class=\"upper\">Unsere T\u00e4tigkeitsfelder<\/h2>\n<p>[\/vc_column_text][\/vc_column][\/vc_row][vc_row el_id=&#8220;home-activity-slider-wrap&#8220;][vc_column][vc_row_inner][vc_column_inner][vc_single_image image=&#8220;138&#8243; img_size=&#8220;full&#8220; alignment=&#8220;center&#8220; onclick=&#8220;custom_link&#8220; el_class=&#8220;no-space-img&#8220; link=&#8220;\/de\/taetigkeitsfelder\/hydrogeologie-und-grundwassermanagement\/&#8220;][vc_column_text]<\/p>\n<h3 class=\"activity-slider-head\">Hydrogeologie und Grundwassermanagement<\/h3>\n<p class=\"activity-slider-excerpt\">Die Abteilung Hydrogeologie und Grundwassermanagement bietet sowohl technische L\u00f6sungen als auch Beratung im Bereich Grundwasserschutz und -management.<\/p>\n<p>[\/vc_column_text][\/vc_column_inner][\/vc_row_inner][vc_row_inner][vc_column_inner][vc_single_image image=&#8220;181&#8243; img_size=&#8220;full&#8220; alignment=&#8220;center&#8220; onclick=&#8220;custom_link&#8220; el_class=&#8220;no-space-img&#8220; link=&#8220;\/de\/taetigkeitsfelder\/geotechnik-ingenieurgeologie\/&#8220;][vc_column_text]<\/p>\n<h3 class=\"activity-slider-head\">Geotechnik &amp; Ingenieurgeologie<\/h3>\n<p class=\"activity-slider-excerpt\">Unser Bereich Geotechnik bietet umfassende Projektbegleitung an\u00a0\u2013 von der Erstellung erster Bodenuntersuchungen, \u00fcber verschiedene Berechnungen und Bemessungen, bis hin zur geotechnischen Fachbau\u00fcberwachung.<\/p>\n<p>[\/vc_column_text][\/vc_column_inner][\/vc_row_inner][vc_row_inner][vc_column_inner][vc_single_image image=&#8220;201&#8243; img_size=&#8220;full&#8220; alignment=&#8220;center&#8220; onclick=&#8220;custom_link&#8220; el_class=&#8220;no-space-img&#8220; link=&#8220;\/de\/taetigkeitsfelder\/engineering\/&#8220;][vc_column_text]<\/p>\n<h3 class=\"activity-slider-head\">Engineering<\/h3>\n<p class=\"activity-slider-excerpt\">Der Bereich Engineering setzt sich aus erfahrenen, bestens qualifizierten Ingenieuren zusammen, die umfassende Leistungen auf dem Gebiet der Projektierung von besonderen Bauwerken anbieten\u00a0\u2013 von der Planung bis zur Bau\u00fcberwachung.<\/p>\n<p>[\/vc_column_text][\/vc_column_inner][\/vc_row_inner][vc_row_inner][vc_column_inner][vc_single_image image=&#8220;700&#8243; img_size=&#8220;full&#8220; alignment=&#8220;center&#8220; onclick=&#8220;custom_link&#8220; el_class=&#8220;no-space-img&#8220; link=&#8220;\/de\/taetigkeitsfelder\/umwelt\/&#8220;][vc_column_text]<\/p>\n<h3 class=\"activity-slider-head\">Umwelt<\/h3>\n<p class=\"activity-slider-excerpt\">Unsere Umwelt-Abteilung bietet umfassende Leistungen im Bereich der Sanierung von Altlastenstandorten und verschmutzten B\u00f6den an.<\/p>\n<p>[\/vc_column_text][\/vc_column_inner][\/vc_row_inner][\/vc_column][\/vc_row][vc_row][vc_column][vc_raw_html]JTNDc2NyaXB0JTIwc3JjJTNEJTIyJTJGd3AtY29udGVudCUyRnBsdWdpbnMlMkZsc2MtZnJvbnRlbmQtZW50aXR5JTJGaW5jbHVkZXMlMkZvd2wtY2Fyb3VzZWwtMiUyRmRpc3QlMkZvd2wuY2Fyb3VzZWwubWluLmpzJTNGdmVyJTNENS45JTIyJTNFJTNDJTJGc2NyaXB0JTNFJTBBJTNDbGluayUyMHJlbCUzRCUyMnN0eWxlc2hlZXQlMjIlMjBpZCUzRCUyMm93bC1jYXJvdXNlbC1zdHlsZXMtY3NzJTIyJTIwaHJlZiUzRCUyMiUyRndwLWNvbnRlbnQlMkZwbHVnaW5zJTJGbHNjLWZyb250ZW5kLWVudGl0eSUyRmluY2x1ZGVzJTJGb3dsLWNhcm91c2VsLTIlMkZkaXN0JTJGYXNzZXRzJTJGb3dsLmNhcm91c2VsLmNzcyUzRnZlciUzRDUuOSUyMiUyMHR5cGUlM0QlMjJ0ZXh0JTJGY3NzJTIyJTIwbWVkaWElM0QlMjJhbGwlMjIlM0UlMEElMEElM0NzY3JpcHQlM0UlMEFqUXVlcnklMjhmdW5jdGlvbiUyOCUyOSU3QiUwQWpRdWVyeSUyOCUyNyUyM2hvbWUtYWN0aXZpdHktc2xpZGVyLXdyYXAlMjAlM0UlMjBkaXYlMjAlM0UlMjBkaXYlMjAlM0UlMjAud3BiX3dyYXBwZXIlMjclMjkuYWRkQ2xhc3MlMjglMjdvd2wtdGhlbWUlMjclMjkuYWRkQ2xhc3MlMjglMjdvd2wtY2Fyb3VzZWwlMjclMjkub3dsQ2Fyb3VzZWwlMjglN0IlMEFtYXJnaW4lM0ElMjA2MCUyQyUwQSUwOSUwOWl0ZW1zJTNBJTIwMyUyQyUwQWNlbnRlciUzQSUyMHRydWUlMkMlMEFhdXRvcGxheSUzQSUyMHRydWUlMkMlMEFhdXRvcGxheVNwZWVkJTNBJTIwMTAwMCUyQyUwQWF1dG9wbGF5SW50ZXJ2YWwlM0ElMjAzMDAwJTJDJTBBbmF2JTNBJTIwdHJ1ZSUyQyUwQWxvb3AlM0ElMjB0cnVlJTJDJTBBcmVzcG9uc2l2ZSUyMCUzQSUyMCUwQSU3QiUwQSUyMCUyMDAlMjAlM0ElMjAlN0IlMjBpdGVtcyUzQSUyMDElMkMlMjBjZW50ZXIlMjAlM0ElMjBmYWxzZSUyQyUyMG1hcmdpbiUzQTEwJTIwJTdEJTJDJTIwJTIwJTBBJTIwJTIwNDgwJTIwJTNBJTIwJTdCJTIwaXRlbXMlMjAlM0ElMjAyJTJDJTIwY2VudGVyJTIwJTNBJTIwZmFsc2UlMkMlMjBtYXJnaW4lM0E0MCUyMCU3RCUyQyUwQSUyMCUyMDEyNDAlMjAlM0ElMjAlN0IlMjBpdGVtcyUyMCUzQSUyMDMlMjAlN0QlMEElN0QlMEElMDklN0QlMjklMEElN0QlMjklM0IlMEElM0MlMkZzY3JpcHQlM0U=[\/vc_raw_html][\/vc_column][\/vc_row][vc_row el_class=&#8220;top-mar-4 bot-mar-2 cta-row&#8220;][vc_column][vc_btn title=&#8220;Alle ansehen&#8220; align=&#8220;center&#8220; link=&#8220;url:%2Fde%2Ftaetigkeitsfelder%2F|title:T%C3%A4tigkeitsfelder&#8220; el_class=&#8220;cta-btn cta-btn-white&#8220;][\/vc_column][\/vc_row][vc_row full_width=&#8220;stretch_row_content_no_spaces&#8220; disable_element=&#8220;yes&#8220; el_class=&#8220;skew-bot-row skew-bot-row-dark&#8220;][vc_column][\/vc_column][\/vc_row][\/vc_section][vc_section full_width=&#8220;stretch_row&#8220; disable_element=&#8220;yes&#8220; css=&#8220;.vc_custom_1750928895655{padding-top: 0px !important;background-image: url(\/wp-content\/uploads\/2022\/05\/Mask-Group-171.jpg?id=421) !important;}&#8220;][vc_row full_width=&#8220;stretch_row_content_no_spaces&#8220; el_class=&#8220;skew-top-row skew-top-row-light&#8220;][vc_column][\/vc_column][\/vc_row][vc_row equal_height=&#8220;yes&#8220; content_placement=&#8220;middle&#8220; el_id=&#8220;ref-grid&#8220;][vc_column width=&#8220;1\/3&#8243;][vc_column_text el_class=&#8220;white&#8220;]<\/p>\n<h2 class=\"upper\">Referenzen<\/h2>\n<p>Entdecken Sie mehrere unserer Projekte, die das Know-how der Unternehmen der Gruppe widerspiegeln.[\/vc_column_text][vc_btn title=&#8220;Alle ansehen&#8220; align=&#8220;left&#8220; link=&#8220;url:%2Fde%2Freferenzen%2F|title:Referenzen&#8220; el_class=&#8220;cta-btn cta-btn-white mob-hide-767&#8243;][\/vc_column][vc_column width=&#8220;2\/3&#8243;][vc_basic_grid post_type=&#8220;post&#8220; max_items=&#8220;4&#8243; element_width=&#8220;6&#8243; item=&#8220;111&#8243; grid_id=&#8220;vc_gid:1750928866552-6cea637e-cc55-7&#8243; taxonomies=&#8220;16&#8243;][\/vc_column][\/vc_row][vc_row el_class=&#8220;mob-block-767&#8243;][vc_column][vc_btn title=&#8220;Alle ansehen&#8220; align=&#8220;center&#8220; link=&#8220;url:%2Fde%2Freferenzen%2F|title:Referenzen&#8220; el_class=&#8220;cta-btn cta-btn-white&#8220;][\/vc_column][\/vc_row][vc_row full_width=&#8220;stretch_row_content_no_spaces&#8220; el_class=&#8220;skew-bot-row skew-bot-row-white&#8220;][vc_column][\/vc_column][\/vc_row][\/vc_section][vc_section disable_element=&#8220;yes&#8220;][vc_row el_class=&#8220;top-mar-2 bot-mar-4&#8243;][vc_column][vc_column_text]<\/p>\n<h2 class=\"al-center upper\">Aktuelles<\/h2>\n<p>[\/vc_column_text][\/vc_column][\/vc_row][vc_row el_class=&#8220;actualite-grid&#8220;][vc_column][vc_basic_grid post_type=&#8220;post&#8220; max_items=&#8220;3&#8243; item=&#8220;101&#8243; grid_id=&#8220;vc_gid:1750928866552-302d59ca-c9df-4&#8243; taxonomies=&#8220;12&#8243;][\/vc_column][\/vc_row][vc_row][vc_column][vc_btn title=&#8220;Alle News&#8220; align=&#8220;center&#8220; link=&#8220;url:%2Fde%2Faktuelles%2F|title:Aktuelles&#8220; el_class=&#8220;cta-btn&#8220;][\/vc_column][\/vc_row][\/vc_section]<\/p>\n","protected":false},"excerpt":{"rendered":"<p>[vc_section full_width=&#8220;stretch_row&#8220; el_id=&#8220;intro&#8220; css=&#8220;.vc_custom_1744700361743{background: #747373 url(https:\/\/geoconseils.lu\/wp-content\/uploads\/2025\/04\/Group-808.png?id=935) !important;}&#8220;][vc_row][vc_column width=&#8220;1\/2&#8243;][\/vc_column][vc_column width=&#8220;1\/2&#8243;][vc_column_text] G\u00e9oconseils [\/vc_column_text][vc_column_text css=&#8220;.vc_custom_1654002150054{margin-bottom: 0px !important;}&#8220; el_id=&#8220;intro-text&#8220;]Das Ingenieurb\u00fcro G\u00e9oconseils hat sich auf verschiedenste Problemstellungen in Sachen Untergrund spezialisiert<span class=\"excerpt-hellip\"> [\u2026]<\/span><\/p>\n","protected":false},"author":1,"featured_media":0,"parent":0,"menu_order":0,"comment_status":"closed","ping_status":"closed","template":"","meta":{"inline_featured_image":false,"footnotes":""},"class_list":["post-15","page","type-page","status-publish","hentry"],"yoast_head":"<!-- This site is optimized with the Yoast SEO plugin v19.14 - https:\/\/yoast.com\/wordpress\/plugins\/seo\/ -->\n<title>Home - G\u00e9oconseils<\/title>\n<meta name=\"robots\" content=\"index, follow, max-snippet:-1, max-image-preview:large, max-video-preview:-1\" \/>\n<link rel=\"canonical\" href=\"https:\/\/geoconseils.lu\/de\/\" \/>\n<meta property=\"og:locale\" content=\"de_DE\" \/>\n<meta property=\"og:type\" content=\"article\" \/>\n<meta property=\"og:title\" content=\"Home - G\u00e9oconseils\" \/>\n<meta property=\"og:description\" content=\"[vc_section full_width=&#8220;stretch_row&#8220; el_id=&#8220;intro&#8220; css=&#8220;.vc_custom_1744700361743{background: #747373 url(https:\/\/geoconseils.lu\/wp-content\/uploads\/2025\/04\/Group-808.png?id=935) !important;}&#8220;][vc_row][vc_column width=&#8220;1\/2&#8243;][\/vc_column][vc_column width=&#8220;1\/2&#8243;][vc_column_text] G\u00e9oconseils [\/vc_column_text][vc_column_text css=&#8220;.vc_custom_1654002150054{margin-bottom: 0px !important;}&#8220; el_id=&#8220;intro-text&#8220;]Das Ingenieurb\u00fcro G\u00e9oconseils hat sich auf verschiedenste Problemstellungen in Sachen Untergrund spezialisiert [\u2026]\" \/>\n<meta property=\"og:url\" content=\"https:\/\/geoconseils.lu\/de\/\" \/>\n<meta property=\"og:site_name\" content=\"G\u00e9oconseils\" \/>\n<meta property=\"article:modified_time\" content=\"2025-06-26T09:08:22+00:00\" \/>\n<meta name=\"twitter:card\" content=\"summary_large_image\" \/>\n<meta name=\"twitter:label1\" content=\"Gesch\u00e4tzte Lesezeit\" \/>\n\t<meta name=\"twitter:data1\" content=\"2\u00a0Minuten\" \/>\n<script type=\"application\/ld+json\" class=\"yoast-schema-graph\">{\"@context\":\"https:\/\/schema.org\",\"@graph\":[{\"@type\":\"WebPage\",\"@id\":\"https:\/\/geoconseils.lu\/de\/\",\"url\":\"https:\/\/geoconseils.lu\/de\/\",\"name\":\"Home - G\u00e9oconseils\",\"isPartOf\":{\"@id\":\"https:\/\/geoconseils.lu\/#website\"},\"datePublished\":\"2022-05-23T15:18:55+00:00\",\"dateModified\":\"2025-06-26T09:08:22+00:00\",\"breadcrumb\":{\"@id\":\"https:\/\/geoconseils.lu\/de\/#breadcrumb\"},\"inLanguage\":\"de\",\"potentialAction\":[{\"@type\":\"ReadAction\",\"target\":[\"https:\/\/geoconseils.lu\/de\/\"]}]},{\"@type\":\"BreadcrumbList\",\"@id\":\"https:\/\/geoconseils.lu\/de\/#breadcrumb\",\"itemListElement\":[{\"@type\":\"ListItem\",\"position\":1,\"name\":\"Home\",\"item\":\"https:\/\/geoconseils.lu\/de\/\"},{\"@type\":\"ListItem\",\"position\":2,\"name\":\"Home\"}]},{\"@type\":\"WebSite\",\"@id\":\"https:\/\/geoconseils.lu\/#website\",\"url\":\"https:\/\/geoconseils.lu\/\",\"name\":\"G\u00e9oconseils\",\"description\":\"\",\"inLanguage\":\"de\"}]}<\/script>\n<!-- \/ Yoast SEO plugin. -->","yoast_head_json":{"title":"Home - G\u00e9oconseils","robots":{"index":"index","follow":"follow","max-snippet":"max-snippet:-1","max-image-preview":"max-image-preview:large","max-video-preview":"max-video-preview:-1"},"canonical":"https:\/\/geoconseils.lu\/de\/","og_locale":"de_DE","og_type":"article","og_title":"Home - G\u00e9oconseils","og_description":"[vc_section full_width=&#8220;stretch_row&#8220; el_id=&#8220;intro&#8220; css=&#8220;.vc_custom_1744700361743{background: #747373 url(https:\/\/geoconseils.lu\/wp-content\/uploads\/2025\/04\/Group-808.png?id=935) !important;}&#8220;][vc_row][vc_column width=&#8220;1\/2&#8243;][\/vc_column][vc_column width=&#8220;1\/2&#8243;][vc_column_text] G\u00e9oconseils [\/vc_column_text][vc_column_text css=&#8220;.vc_custom_1654002150054{margin-bottom: 0px !important;}&#8220; el_id=&#8220;intro-text&#8220;]Das Ingenieurb\u00fcro G\u00e9oconseils hat sich auf verschiedenste Problemstellungen in Sachen Untergrund spezialisiert [\u2026]","og_url":"https:\/\/geoconseils.lu\/de\/","og_site_name":"G\u00e9oconseils","article_modified_time":"2025-06-26T09:08:22+00:00","twitter_card":"summary_large_image","twitter_misc":{"Gesch\u00e4tzte Lesezeit":"2\u00a0Minuten"},"schema":{"@context":"https:\/\/schema.org","@graph":[{"@type":"WebPage","@id":"https:\/\/geoconseils.lu\/de\/","url":"https:\/\/geoconseils.lu\/de\/","name":"Home - G\u00e9oconseils","isPartOf":{"@id":"https:\/\/geoconseils.lu\/#website"},"datePublished":"2022-05-23T15:18:55+00:00","dateModified":"2025-06-26T09:08:22+00:00","breadcrumb":{"@id":"https:\/\/geoconseils.lu\/de\/#breadcrumb"},"inLanguage":"de","potentialAction":[{"@type":"ReadAction","target":["https:\/\/geoconseils.lu\/de\/"]}]},{"@type":"BreadcrumbList","@id":"https:\/\/geoconseils.lu\/de\/#breadcrumb","itemListElement":[{"@type":"ListItem","position":1,"name":"Home","item":"https:\/\/geoconseils.lu\/de\/"},{"@type":"ListItem","position":2,"name":"Home"}]},{"@type":"WebSite","@id":"https:\/\/geoconseils.lu\/#website","url":"https:\/\/geoconseils.lu\/","name":"G\u00e9oconseils","description":"","inLanguage":"de"}]}},"_links":{"self":[{"href":"https:\/\/geoconseils.lu\/de\/wp-json\/wp\/v2\/pages\/15","targetHints":{"allow":["GET"]}}],"collection":[{"href":"https:\/\/geoconseils.lu\/de\/wp-json\/wp\/v2\/pages"}],"about":[{"href":"https:\/\/geoconseils.lu\/de\/wp-json\/wp\/v2\/types\/page"}],"author":[{"embeddable":true,"href":"https:\/\/geoconseils.lu\/de\/wp-json\/wp\/v2\/users\/1"}],"replies":[{"embeddable":true,"href":"https:\/\/geoconseils.lu\/de\/wp-json\/wp\/v2\/comments?post=15"}],"version-history":[{"count":8,"href":"https:\/\/geoconseils.lu\/de\/wp-json\/wp\/v2\/pages\/15\/revisions"}],"predecessor-version":[{"id":1079,"href":"https:\/\/geoconseils.lu\/de\/wp-json\/wp\/v2\/pages\/15\/revisions\/1079"}],"wp:attachment":[{"href":"https:\/\/geoconseils.lu\/de\/wp-json\/wp\/v2\/media?parent=15"}],"curies":[{"name":"wp","href":"https:\/\/api.w.org\/{rel}","templated":true}]}}