{"id":159,"date":"2022-05-23T17:22:05","date_gmt":"2022-05-23T15:22:05","guid":{"rendered":"http:\/\/geoconseils.lu\/taetigkeitsfelder\/hydrogeologie-environnement\/"},"modified":"2025-11-24T11:57:01","modified_gmt":"2025-11-24T10:57:01","slug":"hydrogeologie-und-grundwassermanagement","status":"publish","type":"page","link":"https:\/\/geoconseils.lu\/de\/taetigkeitsfelder\/hydrogeologie-und-grundwassermanagement\/","title":{"rendered":"Hydrogeologie und Grundwassermanagement"},"content":{"rendered":"<p>[vc_section full_width=&#8220;stretch_row&#8220; el_id=&#8220;activity-intro&#8220; css=&#8220;.vc_custom_1744703068839{background-image: url(https:\/\/geoconseils.lu\/wp-content\/uploads\/2025\/04\/Group-834.png?id=1028) !important;}&#8220;][vc_row el_id=&#8220;activity-intro-heading-row&#8220;][vc_column][vc_column_text]<\/p>\n<h1 class=\"upper\">Hydrogeologie und Grundwassermanagement<\/h1>\n<p>[\/vc_column_text][\/vc_column][\/vc_row][vc_row full_width=&#8220;stretch_row_content_no_spaces&#8220;][vc_column][vc_single_image image=&#8220;1028&#8243; img_size=&#8220;full&#8220; alignment=&#8220;center&#8220; el_class=&#8220;no-space-img&#8220;][vc_column_text el_class=&#8220;hidden&#8220;]Die Abteilung Hydrogeologie und Grundwassermanagement bietet sowohl technische L\u00f6sungen als auch Beratung im Bereich Grundwasserschutz und -management.[\/vc_column_text][vc_column_text el_id=&#8220;activity-breadcrumbs&#8220;]<a href=\"\/de\/taetigkeitsfelder\/\">T\u00e4tigkeitsfelder<\/a> &gt; <a href=\"#\">Hydrogeologie und Grundwassermanagement<\/a>[\/vc_column_text][\/vc_column][\/vc_row][\/vc_section][vc_section el_id=&#8220;activity-content-sec&#8220;][vc_row][vc_column width=&#8220;2\/3&#8243;][vc_column_text]Die Abteilung Hydrogeologie und Grundwassermanagement bietet sowohl technische L\u00f6sungen als auch Beratung im Bereich Grundwasserschutz und -management. Unsere Kompetenzen liegen an der Schnittstelle zwischen Boden, Untergrund und Grundwasser und erm\u00f6glichen es, alle Aspekte eines Projekts zu erfassen.<br \/>\nDank unserer langj\u00e4hrigen Erfahrung verstehen wir die Wechselwirkungen und Prozesse zwischen der Erdoberfl\u00e4che und der darunterliegenden Geologie und bieten gebietsunabh\u00e4ngig (nat\u00fcrliches oder anthropologisch beeinflusstes Umfeld) umfassende Gutachten an.[\/vc_column_text][vc_column_text]<strong class=\"colored upper activity-service-strong\">Unsere Leistungen<\/strong>[\/vc_column_text][vc_tta_accordion c_icon=&#8220;&#8220; active_section=&#8220;0&#8243; no_fill=&#8220;true&#8220; collapsible_all=&#8220;true&#8220; el_id=&#8220;activity-accordion&#8220;][vc_tta_section title=&#8220;Hydrogeologische Untersuchungen&#8220; tab_id=&#8220;untersuchungen&#8220;][vc_column_text]<\/p>\n<ul>\n<li>Geologische und hydrogeologische Erkundungen<\/li>\n<li>Grundwassermonitoring: Konzeptausarbeitung, \u00dcberwachung und Auswertung der Daten<\/li>\n<li>Hydrogeologische Untersuchungen und alle Arten von Pumpversuchen<\/li>\n<li>Tracerversuche: Konzeptausarbeitung, \u00dcberwachung und Auswertung der Daten<\/li>\n<li>Planung, Bohrung und Ausbau von Grundwassermessstellen<\/li>\n<li>Modellierung von Grundwasserstr\u00f6mungen<\/li>\n<\/ul>\n<p>[\/vc_column_text][\/vc_tta_section][vc_tta_section title=&#8220;Trinkwasser&#8220; tab_id=&#8220;trinkwasser&#8220;][vc_column_text]<\/p>\n<ul>\n<li>Kartierung und Erkundung ungefasster Quellen<\/li>\n<li>Planung und Untersuchung von Quellfassungen und Trinkwasserbrunnen<\/li>\n<li>Einsch\u00e4tzung und strategische Eingrenzung von Grundwasserleitern und -ressourcen<\/li>\n<li>Grenz\u00fcberschreitende Expertise<\/li>\n<\/ul>\n<p>[\/vc_column_text][\/vc_tta_section][vc_tta_section title=&#8220;Altlasten und Altablagerungen&#8220; tab_id=&#8220;altlasten&#8220;][vc_column_text]<\/p>\n<ul>\n<li>Erkundungen und Probenahmen (Boden, Untergrund und Grundwasser)<\/li>\n<li>Bibliographische\/Historische Studien und Ausarbeitung einer Arbeitsmethodik<\/li>\n<li>Untersuchung von Deponien in Bezug auf potenzielle Grundwasserverschmutzungen<\/li>\n<\/ul>\n<p>[\/vc_column_text][\/vc_tta_section][vc_tta_section title=&#8220;Geothermische Machbarkeitsstudien&#8220; tab_id=&#8220;machbarkeitsstudien&#8220;][vc_column_text]<\/p>\n<ul class=\"black\">\n<li>Bewertung des geothermischen Potenzials eines Standorts<\/li>\n<li>Vorschlag und Planung von geothermischen Heizungs- und Klimatisierungskonzepten<\/li>\n<li>Unterst\u00fctzung bei der Beantragung der durch die &#8222;PRIMe House&#8220;-Regelung gew\u00e4hrten Zusch\u00fcsse<\/li>\n<li>Mehrj\u00e4hrige Modellierung des Betriebs von geothermischen Anlagen<\/li>\n<li>\u00dcberwachung der Abteufung von Erdw\u00e4rmesonden \/ geothermischen Wasserbohrungen<\/li>\n<li>\u00dcberwachung und Auswertung des Thermal Response Test (TRT) bei Erdw\u00e4rmesonden.<\/li>\n<li>\u00dcberwachung und Auswertung von Pumpversuchen bei Geothermie-Bohrungen im Grundwasserleiter<\/li>\n<\/ul>\n<p>[\/vc_column_text][\/vc_tta_section][vc_tta_section title=&#8220;Projektmanagement und Geographische Informationssysteme (GIS)&#8220; tab_id=&#8220;gis&#8220;][vc_column_text]<\/p>\n<ul>\n<li>GIS-Unterst\u00fctzung bei Studien, Ausarbeitung von Methodik, Modellierung, &#8230;<\/li>\n<li>Beantragung von F\u00f6rdermitteln und Erstellen Erstattungsantr\u00e4gen<\/li>\n<\/ul>\n<p>[\/vc_column_text][\/vc_tta_section][vc_tta_section title=&#8220;Zulassungen und Genehmigungen&#8220; tab_id=&#8220;zulassungen&#8220;][vc_column_text]<\/p>\n<ul class=\"black\">\n<li>Wir verf\u00fcgen \u00fcber die n\u00f6tigen Zulassungen zur Erstellung verschiedenster Genehmigungsantr\u00e4ge (Loi sur l\u2019Eau, Protection de la Nature, \u00c9valuation des Incidences sur l\u2019Environnement, Commodo-Incommodo Verfahren&#8230;)<\/li>\n<\/ul>\n<p>[\/vc_column_text][\/vc_tta_section][\/vc_tta_accordion][\/vc_column][vc_column width=&#8220;1\/3&#8243;][vc_column_text el_class=&#8220;al-center upper&#8220; css=&#8220;.vc_custom_1652960069471{margin-bottom: 0px !important;}&#8220;]<\/p>\n<h3 class=\"activity-department-head\">Abteilungsleiter<\/h3>\n<p>[\/vc_column_text][vc_row_inner][vc_column_inner][vc_single_image image=&#8220;1082&#8243; img_size=&#8220;full&#8220; alignment=&#8220;center&#8220; el_class=&#8220;activity-team-img no-space-img&#8220;][vc_column_text el_class=&#8220;activity-team-social-wrap&#8220;]<a href=\"https:\/\/www.linkedin.com\/in\/joop-verharen-977087a5\/\" target=\"_blank\" rel=\"nofollow noopener\"><i class=\"fab fa-linkedin-in\"><span class=\"social-placeholder\">.<\/span><\/i><\/a>[\/vc_column_text][\/vc_column_inner][\/vc_row_inner][vc_column_text el_class=&#8220;colored activity-team-infos&#8220;]<strong class=\"big\">Joop VERHAREN<\/strong><\/p>\n<p>Gesch\u00e4ftsf\u00fchrer<br \/>\nDiplom-Geowissenschaftler<br \/>\nDiplom-Bauingenieur[\/vc_column_text][vc_row_inner][vc_column_inner][vc_single_image image=&#8220;1086&#8243; img_size=&#8220;full&#8220; alignment=&#8220;center&#8220; el_class=&#8220;activity-team-img no-space-img&#8220;][vc_column_text el_class=&#8220;activity-team-social-wrap&#8220;]<a href=\"https:\/\/www.linkedin.com\/in\/laurence-pl\u00e8necassagne-880b16225\/\" target=\"_blank\" rel=\"nofollow noopener\"><i class=\"fab fa-linkedin-in\"><span class=\"social-placeholder\">.<\/span><\/i><\/a>[\/vc_column_text][\/vc_column_inner][\/vc_row_inner][vc_column_text el_class=&#8220;colored activity-team-infos&#8220;]<strong class=\"big\">Laurence PL\u00c8NECASSAGNE<\/strong><\/p>\n<p>Technische Leiterin<br \/>\nDiplom-Hydrogeologin<\/p>\n<div id=\"gtx-trans\" style=\"position: absolute; left: -8px; top: 29.7188px;\">\n<div class=\"gtx-trans-icon\"><\/div>\n<\/div>\n<p>[\/vc_column_text][\/vc_column][\/vc_row][vc_row][vc_column][vc_btn title=&#8220;Download Infoflyer&#8220; align=&#8220;center&#8220; link=&#8220;url:%2Fwp-content%2Fuploads%2F2022%2F07%2FGC-COM-SUP-PII-20220629-FP-HYD-DE.pdf|target:_blank&#8220; el_class=&#8220;cta-btn&#8220;][\/vc_column][\/vc_row][\/vc_section][vc_section el_id=&#8220;activity-gallery-sec&#8220;][vc_row][vc_column][vc_column_text]<\/p>\n<h2 class=\"upper al-center\">Fotogalerie<\/h2>\n<p>[\/vc_column_text][\/vc_column][\/vc_row][vc_row][vc_column][vc_gallery type=&#8220;image_grid&#8220; images=&#8220;138,140,517,515,513,511,509,842,834,840,832,838,828,830,836,844&#8243; img_size=&#8220;full&#8220;][\/vc_column][\/vc_row][vc_row full_width=&#8220;stretch_row_content_no_spaces&#8220; el_class=&#8220;skew-bot-row skew-bot-row-light&#8220;][vc_column][\/vc_column][\/vc_row][\/vc_section][vc_section full_width=&#8220;stretch_row&#8220; el_id=&#8220;activity-reference-footer-sec&#8220; css=&#8220;.vc_custom_1653475483662{background-color: #747373 !important;}&#8220;][vc_row][vc_column][vc_column_text]<h2 class=\"white upper bot-mar-2 al-center top-mar-1\">Entdecken Sie unsere Projekte<\/h1><div id=\"ref-act-footer\" class=\"ref-act-footer-c-9 needs-slider\"><div class=\"ref-act-footer-item ref-act-footer-type-page\"><a href=\"https:\/\/geoconseils.lu\/de\/analyse-des-risques-naturels-et-securisation-du-talus-rocheux\/\"><img decoding=\"async\" src=\"https:\/\/geoconseils.lu\/wp-content\/uploads\/2022\/05\/13011_02-1920x1380-1-1024x768.jpg\"><div class=\"ref-act-footer-inner\"><span class=\"ref-act-footer-title\">Analyse des risques naturels et s\u00e9curisation du talus rocheux<\/span><\/div><\/a><\/div><div class=\"ref-act-footer-item ref-act-footer-type-page\"><a href=\"https:\/\/geoconseils.lu\/de\/standort-esch-schifflange\/\"><img decoding=\"async\" src=\"https:\/\/geoconseils.lu\/wp-content\/uploads\/2022\/07\/270Forages_8Campagnes-1024x768.jpg\"><div class=\"ref-act-footer-inner\"><span class=\"ref-act-footer-title\">Standort \u00ab Esch-Schifflange \u00bb<\/span><\/div><\/a><\/div><div class=\"ref-act-footer-item ref-act-footer-type-page\"><a href=\"https:\/\/geoconseils.lu\/de\/hydrogeologische-studien-zps-ses\/\"><img decoding=\"async\" src=\"https:\/\/geoconseils.lu\/wp-content\/uploads\/2022\/07\/2_Forage-1024x768.jpg\"><div class=\"ref-act-footer-inner\"><span class=\"ref-act-footer-title\">Hydrogeologische Studien ZPS SES<\/span><\/div><\/a><\/div><div class=\"ref-act-footer-item ref-act-footer-type-page\"><a href=\"https:\/\/geoconseils.lu\/de\/zps-ses\/\"><img decoding=\"async\" src=\"https:\/\/geoconseils.lu\/wp-content\/uploads\/2022\/07\/PICT0032_tracage-1024x768.jpg\"><div class=\"ref-act-footer-inner\"><span class=\"ref-act-footer-title\">ZPS SES<\/span><\/div><\/a><\/div><div class=\"ref-act-footer-item ref-act-footer-type-page\"><a href=\"https:\/\/geoconseils.lu\/de\/tracerversuch-leesbach-zur-analyse-der-hydrodynamischen-verbindung-zwischen-bach-und-quellwasser\/\"><img decoding=\"async\" src=\"https:\/\/geoconseils.lu\/wp-content\/uploads\/2022\/07\/P1060983-1024x768.jpg\"><div class=\"ref-act-footer-inner\"><span class=\"ref-act-footer-title\">Tracerversuch Leesbach zur Analyse der hydrodynamischen Verbindung zwischen Bach- und Quellwasser<\/span><\/div><\/a><\/div><div class=\"ref-act-footer-item ref-act-footer-type-page\"><a href=\"https:\/\/geoconseils.lu\/de\/erneuerung-der-quellfassungen-des-syndicat-des-eaux-du-sud\/\"><img decoding=\"async\" src=\"https:\/\/geoconseils.lu\/wp-content\/uploads\/2022\/07\/Ancien_captage_Ansembourg2-1024x768.jpg\"><div class=\"ref-act-footer-inner\"><span class=\"ref-act-footer-title\">Erneuerung der Quellfassungen des Syndicat des Eaux du Sud<\/span><\/div><\/a><\/div><div class=\"ref-act-footer-item ref-act-footer-type-page\"><a href=\"https:\/\/geoconseils.lu\/de\/erschliessung-neuer-grundwasserressourcen-fuer-das-syndicat-des-eaux-du-sud\/\"><img decoding=\"async\" src=\"https:\/\/geoconseils.lu\/wp-content\/uploads\/2022\/07\/Monastere-1024x768.jpg\"><div class=\"ref-act-footer-inner\"><span class=\"ref-act-footer-title\">Erschlie\u00dfung neuer Grundwasserressourcen f\u00fcr das Syndicat des Eaux du Sud<\/span><\/div><\/a><\/div><div class=\"ref-act-footer-item ref-act-footer-type-page\"><a href=\"https:\/\/geoconseils.lu\/de\/ressources-supplementaires-belgique-ses\/\"><img decoding=\"async\" src=\"https:\/\/geoconseils.lu\/wp-content\/uploads\/2022\/07\/20191478_GC_GEO_A4_JPG_sans_cartouche_Hydro-LUX-libre-1024x768.jpg\"><div class=\"ref-act-footer-inner\"><span class=\"ref-act-footer-title\">Ressources suppl\u00e9mentaires Belgique &#8211; SES<\/span><\/div><\/a><\/div><div class=\"ref-act-footer-item ref-act-footer-type-page\"><a href=\"https:\/\/geoconseils.lu\/de\/ressources-supplementaires-vdl\/\"><img decoding=\"async\" src=\"https:\/\/geoconseils.lu\/wp-content\/uploads\/2022\/07\/Potenzial-1024x768.png\"><div class=\"ref-act-footer-inner\"><span class=\"ref-act-footer-title\">Ressources suppl\u00e9mentaires VDL<\/span><\/div><\/a><\/div><\/div>[\/vc_column_text][\/vc_column][\/vc_row][\/vc_section]<\/p>\n","protected":false},"excerpt":{"rendered":"<p>[vc_section full_width=&#8220;stretch_row&#8220; el_id=&#8220;activity-intro&#8220; css=&#8220;.vc_custom_1744703068839{background-image: url(https:\/\/geoconseils.lu\/wp-content\/uploads\/2025\/04\/Group-834.png?id=1028) !important;}&#8220;][vc_row el_id=&#8220;activity-intro-heading-row&#8220;][vc_column][vc_column_text] Hydrogeologie und Grundwassermanagement [\/vc_column_text][\/vc_column][\/vc_row][vc_row full_width=&#8220;stretch_row_content_no_spaces&#8220;][vc_column][vc_single_image image=&#8220;1028&#8243; img_size=&#8220;full&#8220; alignment=&#8220;center&#8220; el_class=&#8220;no-space-img&#8220;][vc_column_text el_class=&#8220;hidden&#8220;]Die Abteilung Hydrogeologie und Grundwassermanagement bietet sowohl technische L\u00f6sungen als<span class=\"excerpt-hellip\"> [\u2026]<\/span><\/p>\n","protected":false},"author":1,"featured_media":139,"parent":156,"menu_order":0,"comment_status":"closed","ping_status":"closed","template":"","meta":{"inline_featured_image":false,"footnotes":""},"class_list":["post-159","page","type-page","status-publish","has-post-thumbnail","hentry"],"yoast_head":"<!-- This site is optimized with the Yoast SEO plugin v19.14 - https:\/\/yoast.com\/wordpress\/plugins\/seo\/ -->\n<title>Hydrogeologie und Grundwassermanagement - G\u00e9oconseils<\/title>\n<meta name=\"robots\" content=\"index, follow, max-snippet:-1, max-image-preview:large, max-video-preview:-1\" \/>\n<link rel=\"canonical\" href=\"https:\/\/geoconseils.lu\/de\/taetigkeitsfelder\/hydrogeologie-und-grundwassermanagement\/\" \/>\n<meta property=\"og:locale\" content=\"de_DE\" \/>\n<meta property=\"og:type\" content=\"article\" \/>\n<meta property=\"og:title\" content=\"Hydrogeologie und Grundwassermanagement - G\u00e9oconseils\" \/>\n<meta property=\"og:description\" content=\"[vc_section full_width=&#8220;stretch_row&#8220; el_id=&#8220;activity-intro&#8220; css=&#8220;.vc_custom_1744703068839{background-image: url(https:\/\/geoconseils.lu\/wp-content\/uploads\/2025\/04\/Group-834.png?id=1028) !important;}&#8220;][vc_row el_id=&#8220;activity-intro-heading-row&#8220;][vc_column][vc_column_text] Hydrogeologie und Grundwassermanagement [\/vc_column_text][\/vc_column][\/vc_row][vc_row full_width=&#8220;stretch_row_content_no_spaces&#8220;][vc_column][vc_single_image image=&#8220;1028&#8243; img_size=&#8220;full&#8220; alignment=&#8220;center&#8220; el_class=&#8220;no-space-img&#8220;][vc_column_text el_class=&#8220;hidden&#8220;]Die Abteilung Hydrogeologie und Grundwassermanagement bietet sowohl technische L\u00f6sungen als [\u2026]\" \/>\n<meta property=\"og:url\" content=\"https:\/\/geoconseils.lu\/de\/taetigkeitsfelder\/hydrogeologie-und-grundwassermanagement\/\" \/>\n<meta property=\"og:site_name\" content=\"G\u00e9oconseils\" \/>\n<meta property=\"article:modified_time\" content=\"2025-11-24T10:57:01+00:00\" \/>\n<meta property=\"og:image\" content=\"https:\/\/geoconseils.lu\/wp-content\/uploads\/2022\/05\/hydrogeologie_web_6-1200x900-c-default.jpg\" \/>\n\t<meta property=\"og:image:width\" content=\"1200\" \/>\n\t<meta property=\"og:image:height\" content=\"900\" \/>\n\t<meta property=\"og:image:type\" content=\"image\/jpeg\" \/>\n<meta name=\"twitter:card\" content=\"summary_large_image\" \/>\n<meta name=\"twitter:label1\" content=\"Gesch\u00e4tzte Lesezeit\" \/>\n\t<meta name=\"twitter:data1\" content=\"2\u00a0Minuten\" \/>\n<script type=\"application\/ld+json\" class=\"yoast-schema-graph\">{\"@context\":\"https:\/\/schema.org\",\"@graph\":[{\"@type\":\"WebPage\",\"@id\":\"https:\/\/geoconseils.lu\/de\/taetigkeitsfelder\/hydrogeologie-und-grundwassermanagement\/\",\"url\":\"https:\/\/geoconseils.lu\/de\/taetigkeitsfelder\/hydrogeologie-und-grundwassermanagement\/\",\"name\":\"Hydrogeologie und Grundwassermanagement - G\u00e9oconseils\",\"isPartOf\":{\"@id\":\"https:\/\/geoconseils.lu\/#website\"},\"datePublished\":\"2022-05-23T15:22:05+00:00\",\"dateModified\":\"2025-11-24T10:57:01+00:00\",\"breadcrumb\":{\"@id\":\"https:\/\/geoconseils.lu\/de\/taetigkeitsfelder\/hydrogeologie-und-grundwassermanagement\/#breadcrumb\"},\"inLanguage\":\"de\",\"potentialAction\":[{\"@type\":\"ReadAction\",\"target\":[\"https:\/\/geoconseils.lu\/de\/taetigkeitsfelder\/hydrogeologie-und-grundwassermanagement\/\"]}]},{\"@type\":\"BreadcrumbList\",\"@id\":\"https:\/\/geoconseils.lu\/de\/taetigkeitsfelder\/hydrogeologie-und-grundwassermanagement\/#breadcrumb\",\"itemListElement\":[{\"@type\":\"ListItem\",\"position\":1,\"name\":\"Home\",\"item\":\"https:\/\/geoconseils.lu\/de\/\"},{\"@type\":\"ListItem\",\"position\":2,\"name\":\"T\u00e4tigkeitsfelder\",\"item\":\"https:\/\/geoconseils.lu\/de\/taetigkeitsfelder\/\"},{\"@type\":\"ListItem\",\"position\":3,\"name\":\"Hydrogeologie und Grundwassermanagement\"}]},{\"@type\":\"WebSite\",\"@id\":\"https:\/\/geoconseils.lu\/#website\",\"url\":\"https:\/\/geoconseils.lu\/\",\"name\":\"G\u00e9oconseils\",\"description\":\"\",\"inLanguage\":\"de\"}]}<\/script>\n<!-- \/ Yoast SEO plugin. -->","yoast_head_json":{"title":"Hydrogeologie und Grundwassermanagement - G\u00e9oconseils","robots":{"index":"index","follow":"follow","max-snippet":"max-snippet:-1","max-image-preview":"max-image-preview:large","max-video-preview":"max-video-preview:-1"},"canonical":"https:\/\/geoconseils.lu\/de\/taetigkeitsfelder\/hydrogeologie-und-grundwassermanagement\/","og_locale":"de_DE","og_type":"article","og_title":"Hydrogeologie und Grundwassermanagement - G\u00e9oconseils","og_description":"[vc_section full_width=&#8220;stretch_row&#8220; el_id=&#8220;activity-intro&#8220; css=&#8220;.vc_custom_1744703068839{background-image: url(https:\/\/geoconseils.lu\/wp-content\/uploads\/2025\/04\/Group-834.png?id=1028) !important;}&#8220;][vc_row el_id=&#8220;activity-intro-heading-row&#8220;][vc_column][vc_column_text] Hydrogeologie und Grundwassermanagement [\/vc_column_text][\/vc_column][\/vc_row][vc_row full_width=&#8220;stretch_row_content_no_spaces&#8220;][vc_column][vc_single_image image=&#8220;1028&#8243; img_size=&#8220;full&#8220; alignment=&#8220;center&#8220; el_class=&#8220;no-space-img&#8220;][vc_column_text el_class=&#8220;hidden&#8220;]Die Abteilung Hydrogeologie und Grundwassermanagement bietet sowohl technische L\u00f6sungen als [\u2026]","og_url":"https:\/\/geoconseils.lu\/de\/taetigkeitsfelder\/hydrogeologie-und-grundwassermanagement\/","og_site_name":"G\u00e9oconseils","article_modified_time":"2025-11-24T10:57:01+00:00","og_image":[{"width":1200,"height":900,"url":"https:\/\/geoconseils.lu\/wp-content\/uploads\/2022\/05\/hydrogeologie_web_6-1200x900-c-default.jpg","type":"image\/jpeg"}],"twitter_card":"summary_large_image","twitter_misc":{"Gesch\u00e4tzte Lesezeit":"2\u00a0Minuten"},"schema":{"@context":"https:\/\/schema.org","@graph":[{"@type":"WebPage","@id":"https:\/\/geoconseils.lu\/de\/taetigkeitsfelder\/hydrogeologie-und-grundwassermanagement\/","url":"https:\/\/geoconseils.lu\/de\/taetigkeitsfelder\/hydrogeologie-und-grundwassermanagement\/","name":"Hydrogeologie und Grundwassermanagement - G\u00e9oconseils","isPartOf":{"@id":"https:\/\/geoconseils.lu\/#website"},"datePublished":"2022-05-23T15:22:05+00:00","dateModified":"2025-11-24T10:57:01+00:00","breadcrumb":{"@id":"https:\/\/geoconseils.lu\/de\/taetigkeitsfelder\/hydrogeologie-und-grundwassermanagement\/#breadcrumb"},"inLanguage":"de","potentialAction":[{"@type":"ReadAction","target":["https:\/\/geoconseils.lu\/de\/taetigkeitsfelder\/hydrogeologie-und-grundwassermanagement\/"]}]},{"@type":"BreadcrumbList","@id":"https:\/\/geoconseils.lu\/de\/taetigkeitsfelder\/hydrogeologie-und-grundwassermanagement\/#breadcrumb","itemListElement":[{"@type":"ListItem","position":1,"name":"Home","item":"https:\/\/geoconseils.lu\/de\/"},{"@type":"ListItem","position":2,"name":"T\u00e4tigkeitsfelder","item":"https:\/\/geoconseils.lu\/de\/taetigkeitsfelder\/"},{"@type":"ListItem","position":3,"name":"Hydrogeologie und Grundwassermanagement"}]},{"@type":"WebSite","@id":"https:\/\/geoconseils.lu\/#website","url":"https:\/\/geoconseils.lu\/","name":"G\u00e9oconseils","description":"","inLanguage":"de"}]}},"_links":{"self":[{"href":"https:\/\/geoconseils.lu\/de\/wp-json\/wp\/v2\/pages\/159","targetHints":{"allow":["GET"]}}],"collection":[{"href":"https:\/\/geoconseils.lu\/de\/wp-json\/wp\/v2\/pages"}],"about":[{"href":"https:\/\/geoconseils.lu\/de\/wp-json\/wp\/v2\/types\/page"}],"author":[{"embeddable":true,"href":"https:\/\/geoconseils.lu\/de\/wp-json\/wp\/v2\/users\/1"}],"replies":[{"embeddable":true,"href":"https:\/\/geoconseils.lu\/de\/wp-json\/wp\/v2\/comments?post=159"}],"version-history":[{"count":14,"href":"https:\/\/geoconseils.lu\/de\/wp-json\/wp\/v2\/pages\/159\/revisions"}],"predecessor-version":[{"id":1046,"href":"https:\/\/geoconseils.lu\/de\/wp-json\/wp\/v2\/pages\/159\/revisions\/1046"}],"up":[{"embeddable":true,"href":"https:\/\/geoconseils.lu\/de\/wp-json\/wp\/v2\/pages\/156"}],"wp:featuredmedia":[{"embeddable":true,"href":"https:\/\/geoconseils.lu\/de\/wp-json\/wp\/v2\/media\/139"}],"wp:attachment":[{"href":"https:\/\/geoconseils.lu\/de\/wp-json\/wp\/v2\/media?parent=159"}],"curies":[{"name":"wp","href":"https:\/\/api.w.org\/{rel}","templated":true}]}}