{"id":189,"date":"2022-05-23T17:23:11","date_gmt":"2022-05-23T15:23:11","guid":{"rendered":"http:\/\/geoconseils.lu\/taetigkeitsfelder\/geotechnique-geologie-de-lingenieur\/"},"modified":"2025-11-24T12:04:11","modified_gmt":"2025-11-24T11:04:11","slug":"geotechnik-ingenieurgeologie","status":"publish","type":"page","link":"https:\/\/geoconseils.lu\/de\/taetigkeitsfelder\/geotechnik-ingenieurgeologie\/","title":{"rendered":"Geotechnik &#038; Ingenieurgeologie"},"content":{"rendered":"<p>[vc_section full_width=&#8220;stretch_row&#8220; el_id=&#8220;activity-intro&#8220; css=&#8220;.vc_custom_1744703170191{background-image: url(https:\/\/geoconseils.lu\/wp-content\/uploads\/2025\/04\/Group-835.png?id=1033) !important;}&#8220;][vc_row el_id=&#8220;activity-intro-heading-row&#8220;][vc_column][vc_column_text]<\/p>\n<h1 class=\"upper\">Geotechnik &amp; Ingenieurgeologie<\/h1>\n<p>[\/vc_column_text][\/vc_column][\/vc_row][vc_row full_width=&#8220;stretch_row_content_no_spaces&#8220;][vc_column][vc_single_image image=&#8220;1033&#8243; img_size=&#8220;full&#8220; alignment=&#8220;center&#8220; el_class=&#8220;no-space-img&#8220;][vc_column_text el_class=&#8220;hidden&#8220;]Unser Bereich Geotechnik bietet umfassende Projektbegleitung an\u00a0\u2013 von der Erstellung erster Bodenuntersuchungen, \u00fcber verschiedene Berechnungen und Bemessungen, bis hin zur geotechnischen Fachbau\u00fcberwachung.[\/vc_column_text][vc_column_text el_id=&#8220;activity-breadcrumbs&#8220;]<a href=\"\/de\/taetigkeitsfelder\/\">T\u00e4tigkeitsfelder<\/a> &gt; <a href=\"#\">Geotechnik &amp; Ingenieurgeologie<\/a>[\/vc_column_text][\/vc_column][\/vc_row][\/vc_section][vc_section el_id=&#8220;activity-content-sec&#8220;][vc_row][vc_column width=&#8220;2\/3&#8243;][vc_column_text]Unser Bereich <strong>Geotechnik <\/strong>bietet umfassende Projektbegleitung an \u2013 von der Erstellung <strong>erster Bodenuntersuchungen, \u00fcber verschiedene Berechnungen und Bemessungen, bis hin zur geotechnischen Fachbau\u00fcberwachung<\/strong>. Unsere Ingenieure, Geologen und Techniker bieten bei allen Projekten hochwertige Leistungen an und beraten Sie umfassend.<\/p>\n<p>Auf dem Gebiet der <strong>Ingenieurgeologie <\/strong>erarbeiten unsere Geologen und Ingenieure spezielle innovative L\u00f6sungen hinsichtlich <strong>eines geologischen Risikomanagements, von der Erkundung des Gel\u00e4ndes bis zur Begleitung von Sicherungsarbeiten<\/strong>.[\/vc_column_text][vc_column_text]<strong class=\"colored upper activity-service-strong\">Unsere Leistungen<\/strong>[\/vc_column_text][vc_tta_accordion c_icon=&#8220;&#8220; active_section=&#8220;0&#8243; no_fill=&#8220;true&#8220; collapsible_all=&#8220;true&#8220; el_id=&#8220;activity-accordion&#8220;][vc_tta_section title=&#8220;Geotechnische Untersuchungen&#8220; tab_id=&#8220;untersuchungen&#8220;][vc_column_text]<\/p>\n<ul>\n<li><strong>Aufschluss- und Sondierbohrungen<\/strong><\/li>\n<li>Ber\u00fccksichtigung der <strong>hydrogeologischen Komponente<\/strong><\/li>\n<li>Feldversuche und Laborversuche<\/li>\n<li><strong>Studien und Beratungen<\/strong><\/li>\n<li><strong>Berechnungen und Bemessung <\/strong>(Setzungen, Stabilit\u00e4t von B\u00f6schungen, Baugruben, Baugrubensicherungen, St\u00fctzmauern und Fundamenten)<\/li>\n<\/ul>\n<p>[\/vc_column_text][\/vc_tta_section][vc_tta_section title=&#8220;Baustellen&#8220; tab_id=&#8220;baustellen&#8220;][vc_column_text]<\/p>\n<ul>\n<li><strong>Bau\u00fcberwachung und Sonderpr\u00fcfungen<\/strong><\/li>\n<li>\u00dcberwachung von <strong>Bodenverbesserungsarbeiten<\/strong><\/li>\n<li><strong>Eignungspr\u00fcfungen<\/strong><\/li>\n<li><strong>Verdichtungskontrollen<\/strong><\/li>\n<\/ul>\n<p>[\/vc_column_text][\/vc_tta_section][vc_tta_section title=&#8220;Geologische Untersuchungen&#8220; tab_id=&#8220;untersuchungen-2&#8243;][vc_column_text]<\/p>\n<ul>\n<li><strong>Stabilit\u00e4tsuntersuchungen <\/strong>(Absenkungen, Erdrutsche, Felsst\u00fcrze)<\/li>\n<li>Analyse <strong>geologischer Risiken<\/strong><\/li>\n<li>Empfehlungen, Organisation und \u00dcberwachung der Sicherungsarbeiten<\/li>\n<li><strong>Geologische <\/strong>Erkundungen<\/li>\n<li><strong>Kartografie<\/strong><\/li>\n<li><strong>Studien und Beratung<\/strong><\/li>\n<li><strong>Geothermie<\/strong><\/li>\n<\/ul>\n<p>[\/vc_column_text][\/vc_tta_section][\/vc_tta_accordion][\/vc_column][vc_column width=&#8220;1\/3&#8243;][vc_column_text el_class=&#8220;al-center upper&#8220; css=&#8220;.vc_custom_1652960069471{margin-bottom: 0px !important;}&#8220;]<\/p>\n<h3 class=\"activity-department-head\">Abteilungsleiter<\/h3>\n<p>[\/vc_column_text][vc_row_inner][vc_column_inner][vc_single_image image=&#8220;1082&#8243; img_size=&#8220;full&#8220; alignment=&#8220;center&#8220; el_class=&#8220;activity-team-img no-space-img&#8220;][vc_column_text el_class=&#8220;activity-team-social-wrap&#8220;]<a href=\"https:\/\/www.linkedin.com\/in\/joop-verharen-977087a5\/\" target=\"_blank\" rel=\"nofollow noopener\"><i class=\"fab fa-linkedin-in\"><span class=\"social-placeholder\">.<\/span><\/i><\/a>[\/vc_column_text][\/vc_column_inner][\/vc_row_inner][vc_column_text el_class=&#8220;colored activity-team-infos&#8220;]<strong class=\"big\">Joop VERHAREN<\/strong><\/p>\n<p>Gesch\u00e4ftsf\u00fchrer[\/vc_column_text][vc_row_inner][vc_column_inner][vc_single_image image=&#8220;1084&#8243; img_size=&#8220;full&#8220; alignment=&#8220;center&#8220; el_class=&#8220;activity-team-img no-space-img&#8220;][vc_column_text el_class=&#8220;activity-team-social-wrap&#8220;]<a href=\"https:\/\/www.linkedin.com\/in\/marc-czapla-16b6b0\/\" target=\"_blank\" rel=\"nofollow noopener\"><i class=\"fab fa-linkedin-in\"><span class=\"social-placeholder\">.<\/span><\/i><\/a>[\/vc_column_text][\/vc_column_inner][\/vc_row_inner][vc_column_text el_class=&#8220;colored activity-team-infos&#8220;]<strong class=\"big\">Marc CZAPLA<\/strong><\/p>\n<p>Gesch\u00e4ftsf\u00fchrer[\/vc_column_text][vc_row_inner][vc_column_inner][vc_single_image image=&#8220;1094&#8243; img_size=&#8220;full&#8220; alignment=&#8220;center&#8220; el_class=&#8220;activity-team-img no-space-img&#8220;][vc_column_text el_class=&#8220;activity-team-social-wrap&#8220;]<a href=\"https:\/\/www.linkedin.com\/in\/steve-gruslin-78408211b\/\" target=\"_blank\" rel=\"nofollow noopener\"><i class=\"fab fa-linkedin-in\"><span class=\"social-placeholder\">.<\/span><\/i><\/a>[\/vc_column_text][\/vc_column_inner][\/vc_row_inner][vc_column_text el_class=&#8220;colored activity-team-infos&#8220;]<strong class=\"big\">Steve GRUSLIN<\/strong><\/p>\n<p>Technischer Direktor[\/vc_column_text][\/vc_column][\/vc_row][vc_row][vc_column][vc_btn title=&#8220;Download Infoflyer&#8220; align=&#8220;center&#8220; link=&#8220;url:%2Fwp-content%2Fuploads%2F2022%2F07%2FGC-GEO-SUP-PII-20220304-FP-DE.pdf|target:_blank&#8220; el_class=&#8220;cta-btn&#8220;][\/vc_column][\/vc_row][\/vc_section][vc_section el_id=&#8220;activity-gallery-sec&#8220;][vc_row][vc_column][vc_column_text]<\/p>\n<h2 class=\"upper al-center\">Fotogalerie<\/h2>\n<p>[\/vc_column_text][\/vc_column][\/vc_row][vc_row][vc_column][vc_gallery type=&#8220;image_grid&#8220; images=&#8220;179,181,165,167,169,171,173,175&#8243; img_size=&#8220;full&#8220;][\/vc_column][\/vc_row][vc_row full_width=&#8220;stretch_row_content_no_spaces&#8220; el_class=&#8220;skew-bot-row skew-bot-row-light&#8220;][vc_column][\/vc_column][\/vc_row][\/vc_section][vc_section full_width=&#8220;stretch_row&#8220; el_id=&#8220;activity-reference-footer-sec&#8220; css=&#8220;.vc_custom_1653474318356{background-color: #747373 !important;}&#8220;][vc_row][vc_column][vc_column_text]<h2 class=\"white upper bot-mar-2 al-center top-mar-1\">Entdecken Sie unsere Projekte<\/h1><div id=\"ref-act-footer\" class=\"ref-act-footer-c-3 \"><div class=\"ref-act-footer-item ref-act-footer-type-page\"><a href=\"https:\/\/geoconseils.lu\/de\/modernisation-du-train-ii-esch-belval\/\"><img decoding=\"async\" src=\"https:\/\/geoconseils.lu\/wp-content\/uploads\/2022\/05\/35009_01_web-1920x1380-1-1024x768.jpg\"><div class=\"ref-act-footer-inner\"><span class=\"ref-act-footer-title\">Modernisation du train II, Esch-Belval<\/span><\/div><\/a><\/div><div class=\"ref-act-footer-item ref-act-footer-type-page\"><a href=\"https:\/\/geoconseils.lu\/de\/nouvelle-ligne-ferroviaire-luxembourg-bettembourg\/\"><img decoding=\"async\" src=\"https:\/\/geoconseils.lu\/wp-content\/uploads\/2022\/05\/35001_01a_web-1920x1380-1-1024x768.jpg\"><div class=\"ref-act-footer-inner\"><span class=\"ref-act-footer-title\">Nouvelle ligne ferroviaire Luxembourg-Bettembourg<\/span><\/div><\/a><\/div><div class=\"ref-act-footer-item ref-act-footer-type-page\"><a href=\"https:\/\/geoconseils.lu\/de\/analyse-des-risques-naturels-et-securisation-du-talus-rocheux\/\"><img decoding=\"async\" src=\"https:\/\/geoconseils.lu\/wp-content\/uploads\/2022\/05\/13011_02-1920x1380-1-1024x768.jpg\"><div class=\"ref-act-footer-inner\"><span class=\"ref-act-footer-title\">Analyse des risques naturels et s\u00e9curisation du talus rocheux<\/span><\/div><\/a><\/div><\/div>[\/vc_column_text][\/vc_column][\/vc_row][\/vc_section]<\/p>\n","protected":false},"excerpt":{"rendered":"<p>[vc_section full_width=&#8220;stretch_row&#8220; el_id=&#8220;activity-intro&#8220; css=&#8220;.vc_custom_1744703170191{background-image: url(https:\/\/geoconseils.lu\/wp-content\/uploads\/2025\/04\/Group-835.png?id=1033) !important;}&#8220;][vc_row el_id=&#8220;activity-intro-heading-row&#8220;][vc_column][vc_column_text] Geotechnik &amp; Ingenieurgeologie [\/vc_column_text][\/vc_column][\/vc_row][vc_row full_width=&#8220;stretch_row_content_no_spaces&#8220;][vc_column][vc_single_image image=&#8220;1033&#8243; img_size=&#8220;full&#8220; alignment=&#8220;center&#8220; el_class=&#8220;no-space-img&#8220;][vc_column_text el_class=&#8220;hidden&#8220;]Unser Bereich Geotechnik bietet umfassende Projektbegleitung an\u00a0\u2013 von der Erstellung<span class=\"excerpt-hellip\"> [\u2026]<\/span><\/p>\n","protected":false},"author":1,"featured_media":182,"parent":156,"menu_order":0,"comment_status":"closed","ping_status":"closed","template":"","meta":{"inline_featured_image":false,"footnotes":""},"class_list":["post-189","page","type-page","status-publish","has-post-thumbnail","hentry"],"yoast_head":"<!-- This site is optimized with the Yoast SEO plugin v19.14 - https:\/\/yoast.com\/wordpress\/plugins\/seo\/ -->\n<title>Geotechnik &amp; Ingenieurgeologie - G\u00e9oconseils<\/title>\n<meta name=\"robots\" content=\"index, follow, max-snippet:-1, max-image-preview:large, max-video-preview:-1\" \/>\n<link rel=\"canonical\" href=\"https:\/\/geoconseils.lu\/de\/taetigkeitsfelder\/geotechnik-ingenieurgeologie\/\" \/>\n<meta property=\"og:locale\" content=\"de_DE\" \/>\n<meta property=\"og:type\" content=\"article\" \/>\n<meta property=\"og:title\" content=\"Geotechnik &amp; Ingenieurgeologie - G\u00e9oconseils\" \/>\n<meta property=\"og:description\" content=\"[vc_section full_width=&#8220;stretch_row&#8220; el_id=&#8220;activity-intro&#8220; css=&#8220;.vc_custom_1744703170191{background-image: url(https:\/\/geoconseils.lu\/wp-content\/uploads\/2025\/04\/Group-835.png?id=1033) !important;}&#8220;][vc_row el_id=&#8220;activity-intro-heading-row&#8220;][vc_column][vc_column_text] Geotechnik &amp; Ingenieurgeologie [\/vc_column_text][\/vc_column][\/vc_row][vc_row full_width=&#8220;stretch_row_content_no_spaces&#8220;][vc_column][vc_single_image image=&#8220;1033&#8243; img_size=&#8220;full&#8220; alignment=&#8220;center&#8220; el_class=&#8220;no-space-img&#8220;][vc_column_text el_class=&#8220;hidden&#8220;]Unser Bereich Geotechnik bietet umfassende Projektbegleitung an\u00a0\u2013 von der Erstellung [\u2026]\" \/>\n<meta property=\"og:url\" content=\"https:\/\/geoconseils.lu\/de\/taetigkeitsfelder\/geotechnik-ingenieurgeologie\/\" \/>\n<meta property=\"og:site_name\" content=\"G\u00e9oconseils\" \/>\n<meta property=\"article:modified_time\" content=\"2025-11-24T11:04:11+00:00\" \/>\n<meta property=\"og:image\" content=\"https:\/\/geoconseils.lu\/wp-content\/uploads\/2022\/05\/photo-num1_web-1200x900-c-default.jpg\" \/>\n\t<meta property=\"og:image:width\" content=\"1200\" \/>\n\t<meta property=\"og:image:height\" content=\"900\" \/>\n\t<meta property=\"og:image:type\" content=\"image\/jpeg\" \/>\n<meta name=\"twitter:card\" content=\"summary_large_image\" \/>\n<meta name=\"twitter:label1\" content=\"Gesch\u00e4tzte Lesezeit\" \/>\n\t<meta name=\"twitter:data1\" content=\"2\u00a0Minuten\" \/>\n<script type=\"application\/ld+json\" class=\"yoast-schema-graph\">{\"@context\":\"https:\/\/schema.org\",\"@graph\":[{\"@type\":\"WebPage\",\"@id\":\"https:\/\/geoconseils.lu\/de\/taetigkeitsfelder\/geotechnik-ingenieurgeologie\/\",\"url\":\"https:\/\/geoconseils.lu\/de\/taetigkeitsfelder\/geotechnik-ingenieurgeologie\/\",\"name\":\"Geotechnik & Ingenieurgeologie - G\u00e9oconseils\",\"isPartOf\":{\"@id\":\"https:\/\/geoconseils.lu\/#website\"},\"datePublished\":\"2022-05-23T15:23:11+00:00\",\"dateModified\":\"2025-11-24T11:04:11+00:00\",\"breadcrumb\":{\"@id\":\"https:\/\/geoconseils.lu\/de\/taetigkeitsfelder\/geotechnik-ingenieurgeologie\/#breadcrumb\"},\"inLanguage\":\"de\",\"potentialAction\":[{\"@type\":\"ReadAction\",\"target\":[\"https:\/\/geoconseils.lu\/de\/taetigkeitsfelder\/geotechnik-ingenieurgeologie\/\"]}]},{\"@type\":\"BreadcrumbList\",\"@id\":\"https:\/\/geoconseils.lu\/de\/taetigkeitsfelder\/geotechnik-ingenieurgeologie\/#breadcrumb\",\"itemListElement\":[{\"@type\":\"ListItem\",\"position\":1,\"name\":\"Home\",\"item\":\"https:\/\/geoconseils.lu\/de\/\"},{\"@type\":\"ListItem\",\"position\":2,\"name\":\"T\u00e4tigkeitsfelder\",\"item\":\"https:\/\/geoconseils.lu\/de\/taetigkeitsfelder\/\"},{\"@type\":\"ListItem\",\"position\":3,\"name\":\"Geotechnik &#038; Ingenieurgeologie\"}]},{\"@type\":\"WebSite\",\"@id\":\"https:\/\/geoconseils.lu\/#website\",\"url\":\"https:\/\/geoconseils.lu\/\",\"name\":\"G\u00e9oconseils\",\"description\":\"\",\"inLanguage\":\"de\"}]}<\/script>\n<!-- \/ Yoast SEO plugin. -->","yoast_head_json":{"title":"Geotechnik & Ingenieurgeologie - G\u00e9oconseils","robots":{"index":"index","follow":"follow","max-snippet":"max-snippet:-1","max-image-preview":"max-image-preview:large","max-video-preview":"max-video-preview:-1"},"canonical":"https:\/\/geoconseils.lu\/de\/taetigkeitsfelder\/geotechnik-ingenieurgeologie\/","og_locale":"de_DE","og_type":"article","og_title":"Geotechnik & Ingenieurgeologie - G\u00e9oconseils","og_description":"[vc_section full_width=&#8220;stretch_row&#8220; el_id=&#8220;activity-intro&#8220; css=&#8220;.vc_custom_1744703170191{background-image: url(https:\/\/geoconseils.lu\/wp-content\/uploads\/2025\/04\/Group-835.png?id=1033) !important;}&#8220;][vc_row el_id=&#8220;activity-intro-heading-row&#8220;][vc_column][vc_column_text] Geotechnik &amp; Ingenieurgeologie [\/vc_column_text][\/vc_column][\/vc_row][vc_row full_width=&#8220;stretch_row_content_no_spaces&#8220;][vc_column][vc_single_image image=&#8220;1033&#8243; img_size=&#8220;full&#8220; alignment=&#8220;center&#8220; el_class=&#8220;no-space-img&#8220;][vc_column_text el_class=&#8220;hidden&#8220;]Unser Bereich Geotechnik bietet umfassende Projektbegleitung an\u00a0\u2013 von der Erstellung [\u2026]","og_url":"https:\/\/geoconseils.lu\/de\/taetigkeitsfelder\/geotechnik-ingenieurgeologie\/","og_site_name":"G\u00e9oconseils","article_modified_time":"2025-11-24T11:04:11+00:00","og_image":[{"width":1200,"height":900,"url":"https:\/\/geoconseils.lu\/wp-content\/uploads\/2022\/05\/photo-num1_web-1200x900-c-default.jpg","type":"image\/jpeg"}],"twitter_card":"summary_large_image","twitter_misc":{"Gesch\u00e4tzte Lesezeit":"2\u00a0Minuten"},"schema":{"@context":"https:\/\/schema.org","@graph":[{"@type":"WebPage","@id":"https:\/\/geoconseils.lu\/de\/taetigkeitsfelder\/geotechnik-ingenieurgeologie\/","url":"https:\/\/geoconseils.lu\/de\/taetigkeitsfelder\/geotechnik-ingenieurgeologie\/","name":"Geotechnik & Ingenieurgeologie - G\u00e9oconseils","isPartOf":{"@id":"https:\/\/geoconseils.lu\/#website"},"datePublished":"2022-05-23T15:23:11+00:00","dateModified":"2025-11-24T11:04:11+00:00","breadcrumb":{"@id":"https:\/\/geoconseils.lu\/de\/taetigkeitsfelder\/geotechnik-ingenieurgeologie\/#breadcrumb"},"inLanguage":"de","potentialAction":[{"@type":"ReadAction","target":["https:\/\/geoconseils.lu\/de\/taetigkeitsfelder\/geotechnik-ingenieurgeologie\/"]}]},{"@type":"BreadcrumbList","@id":"https:\/\/geoconseils.lu\/de\/taetigkeitsfelder\/geotechnik-ingenieurgeologie\/#breadcrumb","itemListElement":[{"@type":"ListItem","position":1,"name":"Home","item":"https:\/\/geoconseils.lu\/de\/"},{"@type":"ListItem","position":2,"name":"T\u00e4tigkeitsfelder","item":"https:\/\/geoconseils.lu\/de\/taetigkeitsfelder\/"},{"@type":"ListItem","position":3,"name":"Geotechnik &#038; Ingenieurgeologie"}]},{"@type":"WebSite","@id":"https:\/\/geoconseils.lu\/#website","url":"https:\/\/geoconseils.lu\/","name":"G\u00e9oconseils","description":"","inLanguage":"de"}]}},"_links":{"self":[{"href":"https:\/\/geoconseils.lu\/de\/wp-json\/wp\/v2\/pages\/189","targetHints":{"allow":["GET"]}}],"collection":[{"href":"https:\/\/geoconseils.lu\/de\/wp-json\/wp\/v2\/pages"}],"about":[{"href":"https:\/\/geoconseils.lu\/de\/wp-json\/wp\/v2\/types\/page"}],"author":[{"embeddable":true,"href":"https:\/\/geoconseils.lu\/de\/wp-json\/wp\/v2\/users\/1"}],"replies":[{"embeddable":true,"href":"https:\/\/geoconseils.lu\/de\/wp-json\/wp\/v2\/comments?post=189"}],"version-history":[{"count":10,"href":"https:\/\/geoconseils.lu\/de\/wp-json\/wp\/v2\/pages\/189\/revisions"}],"predecessor-version":[{"id":1155,"href":"https:\/\/geoconseils.lu\/de\/wp-json\/wp\/v2\/pages\/189\/revisions\/1155"}],"up":[{"embeddable":true,"href":"https:\/\/geoconseils.lu\/de\/wp-json\/wp\/v2\/pages\/156"}],"wp:featuredmedia":[{"embeddable":true,"href":"https:\/\/geoconseils.lu\/de\/wp-json\/wp\/v2\/media\/182"}],"wp:attachment":[{"href":"https:\/\/geoconseils.lu\/de\/wp-json\/wp\/v2\/media?parent=189"}],"curies":[{"name":"wp","href":"https:\/\/api.w.org\/{rel}","templated":true}]}}