{"id":219,"date":"2022-05-23T17:23:53","date_gmt":"2022-05-23T15:23:53","guid":{"rendered":"http:\/\/geoconseils.lu\/taetigkeitsfelder\/engineering\/"},"modified":"2025-07-07T17:38:39","modified_gmt":"2025-07-07T15:38:39","slug":"engineering","status":"publish","type":"page","link":"https:\/\/geoconseils.lu\/de\/taetigkeitsfelder\/engineering\/","title":{"rendered":"Engineering"},"content":{"rendered":"<p>[vc_section full_width=&#8220;stretch_row&#8220; el_id=&#8220;activity-intro&#8220; css=&#8220;.vc_custom_1744703060960{background-image: url(https:\/\/geoconseils.lu\/wp-content\/uploads\/2025\/04\/Group-836.png?id=1030) !important;}&#8220;][vc_row el_id=&#8220;activity-intro-heading-row&#8220;][vc_column][vc_column_text]<\/p>\n<h1 class=\"upper\">Engineering<\/h1>\n<p>[\/vc_column_text][\/vc_column][\/vc_row][vc_row full_width=&#8220;stretch_row_content_no_spaces&#8220;][vc_column][vc_single_image image=&#8220;1030&#8243; img_size=&#8220;full&#8220; alignment=&#8220;center&#8220; el_class=&#8220;no-space-img&#8220;][vc_column_text el_class=&#8220;hidden&#8220;]Der Bereich Engineering setzt sich aus erfahrenen, bestens qualifizierten Ingenieuren zusammen, die umfassende Leistungen auf dem Gebiet der Projektierung von besonderen Bauwerken anbieten \u2013 von der Planung bis&#8230;[\/vc_column_text][vc_column_text el_id=&#8220;activity-breadcrumbs&#8220;]<a href=\"\/de\/taetigkeitsfelder\/\">T\u00e4tigkeitsfelder<\/a> &gt; <a href=\"#\">Engineering<\/a>[\/vc_column_text][\/vc_column][\/vc_row][\/vc_section][vc_section el_id=&#8220;activity-content-sec&#8220;][vc_row][vc_column width=&#8220;2\/3&#8243;][vc_column_text]Der Bereich <strong>Engineering <\/strong>wurde 2017 ins Leben gerufen. Es ist ein \u00e4u\u00dferst vielf\u00e4ltiges T\u00e4tigkeitsfeld und dient aber haupts\u00e4chlich dazu, <strong>die Erkenntnisse und Ergebnisse der verschiedenen Fachbereiche (Geotechnik, Geologie und Hydrogeologie)<\/strong> strukturiert umzusetzen. Ein weiterer Aufgabenbereich ist die Planung der von der Abteilung Hydrogeologie entworfenen Bauwerke f\u00fcr die Trinkwassergewinnung gem\u00e4\u00df den strukturellen Anforderungen, um die langfristige Nutzung, Instandhaltung und Wartung der Systeme zu gew\u00e4hrleisten. Eine Wasserverteilung sowie dazugeh\u00f6rige Versorgungsleitungen k\u00f6nnen ebenfalls geplant werden.<\/p>\n<p>In enger Zusammenarbeit mit dem Bereich <strong>Geotechnik und Ingenieurgeologie <\/strong>werden alle Formen von Baugrubenverbauten, Unterfangungen f\u00fcr die Herstellung von Baugruben und Tiefengr\u00fcndungen, f\u00fcr alle Arten von Bauwerken, berechnet. Auch der Schutz von B\u00f6schungen entlang von Stra\u00dfen, Wasserl\u00e4ufen und Geb\u00e4uden sowie die Errichtung von Erdbauwerken f\u00fcr die Umsetzung von Infrastrukturprojekten und die daf\u00fcr n\u00f6tigen Berechnungen z\u00e4hlen zu unseren T\u00e4tigkeitsbereichen.<\/p>\n<p>Die Bemessung f\u00fcr die Sicherung von Felsw\u00e4nden mit aktiven oder passiven Systemen erfolgt nach Begutachtung und Bewertung durch unsere Geologen.<\/p>\n<p>Dank eines Teams aus bestens qualifizierten, jungen Ingenieuren, die sich auf die Erfahrung \u00e4lterer Kolleginnen und Kollegen st\u00fctzen k\u00f6nnen, sind wir in der Lage, <strong>umfassende Leistungen im Bereich der Projektierung von besonderen Bauwerken anzubieten <\/strong>\u2013 von der Planung, \u00fcber die Bau\u00fcberwachung, bis hin zur Fertigstellung des Projekts.[\/vc_column_text][vc_column_text]<strong class=\"colored upper activity-service-strong\">Unsere Leistungen<\/strong>[\/vc_column_text][vc_tta_accordion c_icon=&#8220;&#8220; active_section=&#8220;0&#8243; no_fill=&#8220;true&#8220; collapsible_all=&#8220;true&#8220; el_id=&#8220;activity-accordion&#8220;][vc_tta_section title=&#8220;Projektierung von Bauwerken und Infrastrukturanlagen f\u00fcr die Trinkwasserversorgung&#8220; tab_id=&#8220;projektierung&#8220;][vc_column_text]<\/p>\n<ul>\n<li>Trinkwasserfassungen<\/li>\n<li>Wasserversorgungsleitungen<\/li>\n<\/ul>\n<p>[\/vc_column_text][\/vc_tta_section][vc_tta_section title=&#8220;Projektierung von Spezialbauten&#8220; tab_id=&#8220;projektierung-spezialbauten&#8220;][vc_column_text]<\/p>\n<ul>\n<li>Erdbauwerke<\/li>\n<li>HDD-Bohrungen (Gesteuerte<\/li>\n<li>Horizontalbohrungen)<\/li>\n<li>Rohrvortrieb<\/li>\n<li>Stabilisierung von B\u00f6schungen<\/li>\n<li>Stabilisierung von Uferb\u00f6schungen<\/li>\n<li>St\u00fctzmauern und Vernagelungen<\/li>\n<li>Spezialfundamente<\/li>\n<li>Tunnel<\/li>\n<li>Verschieben von fertiggestellten Bauwerken<\/li>\n<\/ul>\n<p>[\/vc_column_text][\/vc_tta_section][vc_tta_section title=&#8220;\u00dcberpr\u00fcfung und Sicherung bestehender Bauwerke&#8220; tab_id=&#8220;ueberpruefung&#8220;][vc_column_text]<\/p>\n<ul>\n<li>Sicherung von Steilh\u00e4ngen und Felsw\u00e4nden<\/li>\n<li>Bestehende St\u00fctzmauern<\/li>\n<\/ul>\n<p>[\/vc_column_text][\/vc_tta_section][vc_tta_section title=&#8220;Baustelle&#8220; tab_id=&#8220;baustelle&#8220;][vc_column_text]<\/p>\n<ul>\n<li>Baustellen\u00fcberwachung<\/li>\n<li>Bauleitung<\/li>\n<\/ul>\n<p>[\/vc_column_text][\/vc_tta_section][\/vc_tta_accordion][\/vc_column][vc_column width=&#8220;1\/3&#8243;][vc_column_text el_class=&#8220;al-center upper&#8220; css=&#8220;.vc_custom_1653478081537{margin-bottom: 0px !important;}&#8220;]<\/p>\n<h3 class=\"activity-department-head\">Abteilungsleiter<\/h3>\n<p>[\/vc_column_text][vc_row_inner][vc_column_inner][vc_single_image image=&#8220;1082&#8243; img_size=&#8220;full&#8220; alignment=&#8220;center&#8220; el_class=&#8220;activity-team-img no-space-img&#8220;][vc_column_text el_class=&#8220;activity-team-social-wrap&#8220;]<a href=\"https:\/\/www.linkedin.com\/in\/joop-verharen-977087a5\/\" target=\"_blank\" rel=\"nofollow noopener\"><i class=\"fab fa-linkedin-in\"><span class=\"social-placeholder\">.<\/span><\/i><\/a>[\/vc_column_text][\/vc_column_inner][\/vc_row_inner][vc_column_text el_class=&#8220;colored activity-team-infos&#8220;]<strong class=\"big\">Joop VERHAREN<\/strong><\/p>\n<p>Gesch\u00e4ftsf\u00fchrer[\/vc_column_text][vc_row_inner][vc_column_inner][vc_single_image image=&#8220;1084&#8243; img_size=&#8220;full&#8220; alignment=&#8220;center&#8220; el_class=&#8220;activity-team-img no-space-img&#8220;][vc_column_text el_class=&#8220;activity-team-social-wrap&#8220;]<a href=\"https:\/\/www.linkedin.com\/in\/marc-czapla-16b6b0\/\" target=\"_blank\" rel=\"nofollow noopener\"><i class=\"fab fa-linkedin-in\"><span class=\"social-placeholder\">.<\/span><\/i><\/a>[\/vc_column_text][\/vc_column_inner][\/vc_row_inner][vc_column_text el_class=&#8220;colored activity-team-infos&#8220;]<strong class=\"big\">Marc CZAPLA<\/strong><\/p>\n<p>Gesch\u00e4ftsf\u00fchrer[\/vc_column_text][vc_row_inner][vc_column_inner][vc_single_image image=&#8220;1115&#8243; img_size=&#8220;full&#8220; alignment=&#8220;center&#8220; el_class=&#8220;activity-team-img no-space-img&#8220;][vc_column_text el_class=&#8220;activity-team-social-wrap&#8220;]<a href=\"https:\/\/www.linkedin.com\/in\/domenico-nola-23a4a5224\/\" target=\"_blank\" rel=\"nofollow noopener\"><i class=\"fab fa-linkedin-in\"><span class=\"social-placeholder\">.<\/span><\/i><\/a>[\/vc_column_text][\/vc_column_inner][\/vc_row_inner][vc_column_text el_class=&#8220;colored activity-team-infos&#8220;]<strong class=\"big\">Domenico NOLA<\/strong><\/p>\n<p>Abteilungsleiter[\/vc_column_text][\/vc_column][\/vc_row][vc_row][vc_column][vc_btn title=&#8220;Download Infoflyer&#8220; align=&#8220;center&#8220; link=&#8220;url:%2Fwp-content%2Fuploads%2F2022%2F07%2FGC-ENG-SUP-PII-20220304-FP-DE.pdf|target:_blank&#8220; el_class=&#8220;cta-btn&#8220;][\/vc_column][\/vc_row][\/vc_section][vc_section el_id=&#8220;activity-gallery-sec&#8220;][vc_row][vc_column][vc_column_text]<\/p>\n<h2 class=\"upper al-center\">Fotogalerie<\/h2>\n<p>[\/vc_column_text][\/vc_column][\/vc_row][vc_row][vc_column][vc_gallery type=&#8220;image_grid&#8220; images=&#8220;203,205,207,209,211,213,197,201&#8243; img_size=&#8220;full&#8220;][\/vc_column][\/vc_row][vc_row full_width=&#8220;stretch_row_content_no_spaces&#8220; disable_element=&#8220;yes&#8220; el_class=&#8220;skew-bot-row skew-bot-row-light&#8220;][vc_column][\/vc_column][\/vc_row][\/vc_section][vc_section full_width=&#8220;stretch_row&#8220; el_id=&#8220;activity-reference-footer-sec&#8220; css=&#8220;.vc_custom_1653474318356{background-color: #747373 !important;}&#8220;][vc_row][vc_column][vc_column_text]<script>jQuery(function(){ jQuery(\"#activity-reference-footer-sec\").remove();})<\/script>[\/vc_column_text][\/vc_column][\/vc_row][\/vc_section]<\/p>\n","protected":false},"excerpt":{"rendered":"<p>[vc_section full_width=&#8220;stretch_row&#8220; el_id=&#8220;activity-intro&#8220; css=&#8220;.vc_custom_1744703060960{background-image: url(https:\/\/geoconseils.lu\/wp-content\/uploads\/2025\/04\/Group-836.png?id=1030) !important;}&#8220;][vc_row el_id=&#8220;activity-intro-heading-row&#8220;][vc_column][vc_column_text] Engineering [\/vc_column_text][\/vc_column][\/vc_row][vc_row full_width=&#8220;stretch_row_content_no_spaces&#8220;][vc_column][vc_single_image image=&#8220;1030&#8243; img_size=&#8220;full&#8220; alignment=&#8220;center&#8220; el_class=&#8220;no-space-img&#8220;][vc_column_text el_class=&#8220;hidden&#8220;]Der Bereich Engineering setzt sich aus erfahrenen, bestens qualifizierten Ingenieuren zusammen, die<span class=\"excerpt-hellip\"> [\u2026]<\/span><\/p>\n","protected":false},"author":1,"featured_media":202,"parent":156,"menu_order":0,"comment_status":"closed","ping_status":"closed","template":"","meta":{"inline_featured_image":false,"footnotes":""},"class_list":["post-219","page","type-page","status-publish","has-post-thumbnail","hentry"],"yoast_head":"<!-- This site is optimized with the Yoast SEO plugin v19.14 - https:\/\/yoast.com\/wordpress\/plugins\/seo\/ -->\n<title>Engineering - G\u00e9oconseils<\/title>\n<meta name=\"robots\" content=\"index, follow, max-snippet:-1, max-image-preview:large, max-video-preview:-1\" \/>\n<link rel=\"canonical\" href=\"https:\/\/geoconseils.lu\/de\/taetigkeitsfelder\/engineering\/\" \/>\n<meta property=\"og:locale\" content=\"de_DE\" \/>\n<meta property=\"og:type\" content=\"article\" \/>\n<meta property=\"og:title\" content=\"Engineering - G\u00e9oconseils\" \/>\n<meta property=\"og:description\" content=\"[vc_section full_width=&#8220;stretch_row&#8220; el_id=&#8220;activity-intro&#8220; css=&#8220;.vc_custom_1744703060960{background-image: url(https:\/\/geoconseils.lu\/wp-content\/uploads\/2025\/04\/Group-836.png?id=1030) !important;}&#8220;][vc_row el_id=&#8220;activity-intro-heading-row&#8220;][vc_column][vc_column_text] Engineering [\/vc_column_text][\/vc_column][\/vc_row][vc_row full_width=&#8220;stretch_row_content_no_spaces&#8220;][vc_column][vc_single_image image=&#8220;1030&#8243; img_size=&#8220;full&#8220; alignment=&#8220;center&#8220; el_class=&#8220;no-space-img&#8220;][vc_column_text el_class=&#8220;hidden&#8220;]Der Bereich Engineering setzt sich aus erfahrenen, bestens qualifizierten Ingenieuren zusammen, die [\u2026]\" \/>\n<meta property=\"og:url\" content=\"https:\/\/geoconseils.lu\/de\/taetigkeitsfelder\/engineering\/\" \/>\n<meta property=\"og:site_name\" content=\"G\u00e9oconseils\" \/>\n<meta property=\"article:modified_time\" content=\"2025-07-07T15:38:39+00:00\" \/>\n<meta property=\"og:image\" content=\"https:\/\/geoconseils.lu\/wp-content\/uploads\/2022\/05\/dsc_0091-1200x900-c-default.jpg\" \/>\n\t<meta property=\"og:image:width\" content=\"1200\" \/>\n\t<meta property=\"og:image:height\" content=\"900\" \/>\n\t<meta property=\"og:image:type\" content=\"image\/jpeg\" \/>\n<meta name=\"twitter:card\" content=\"summary_large_image\" \/>\n<meta name=\"twitter:label1\" content=\"Gesch\u00e4tzte Lesezeit\" \/>\n\t<meta name=\"twitter:data1\" content=\"2\u00a0Minuten\" \/>\n<script type=\"application\/ld+json\" class=\"yoast-schema-graph\">{\"@context\":\"https:\/\/schema.org\",\"@graph\":[{\"@type\":\"WebPage\",\"@id\":\"https:\/\/geoconseils.lu\/de\/taetigkeitsfelder\/engineering\/\",\"url\":\"https:\/\/geoconseils.lu\/de\/taetigkeitsfelder\/engineering\/\",\"name\":\"Engineering - G\u00e9oconseils\",\"isPartOf\":{\"@id\":\"https:\/\/geoconseils.lu\/#website\"},\"datePublished\":\"2022-05-23T15:23:53+00:00\",\"dateModified\":\"2025-07-07T15:38:39+00:00\",\"breadcrumb\":{\"@id\":\"https:\/\/geoconseils.lu\/de\/taetigkeitsfelder\/engineering\/#breadcrumb\"},\"inLanguage\":\"de\",\"potentialAction\":[{\"@type\":\"ReadAction\",\"target\":[\"https:\/\/geoconseils.lu\/de\/taetigkeitsfelder\/engineering\/\"]}]},{\"@type\":\"BreadcrumbList\",\"@id\":\"https:\/\/geoconseils.lu\/de\/taetigkeitsfelder\/engineering\/#breadcrumb\",\"itemListElement\":[{\"@type\":\"ListItem\",\"position\":1,\"name\":\"Home\",\"item\":\"https:\/\/geoconseils.lu\/de\/\"},{\"@type\":\"ListItem\",\"position\":2,\"name\":\"T\u00e4tigkeitsfelder\",\"item\":\"https:\/\/geoconseils.lu\/de\/taetigkeitsfelder\/\"},{\"@type\":\"ListItem\",\"position\":3,\"name\":\"Engineering\"}]},{\"@type\":\"WebSite\",\"@id\":\"https:\/\/geoconseils.lu\/#website\",\"url\":\"https:\/\/geoconseils.lu\/\",\"name\":\"G\u00e9oconseils\",\"description\":\"\",\"inLanguage\":\"de\"}]}<\/script>\n<!-- \/ Yoast SEO plugin. -->","yoast_head_json":{"title":"Engineering - G\u00e9oconseils","robots":{"index":"index","follow":"follow","max-snippet":"max-snippet:-1","max-image-preview":"max-image-preview:large","max-video-preview":"max-video-preview:-1"},"canonical":"https:\/\/geoconseils.lu\/de\/taetigkeitsfelder\/engineering\/","og_locale":"de_DE","og_type":"article","og_title":"Engineering - G\u00e9oconseils","og_description":"[vc_section full_width=&#8220;stretch_row&#8220; el_id=&#8220;activity-intro&#8220; css=&#8220;.vc_custom_1744703060960{background-image: url(https:\/\/geoconseils.lu\/wp-content\/uploads\/2025\/04\/Group-836.png?id=1030) !important;}&#8220;][vc_row el_id=&#8220;activity-intro-heading-row&#8220;][vc_column][vc_column_text] Engineering [\/vc_column_text][\/vc_column][\/vc_row][vc_row full_width=&#8220;stretch_row_content_no_spaces&#8220;][vc_column][vc_single_image image=&#8220;1030&#8243; img_size=&#8220;full&#8220; alignment=&#8220;center&#8220; el_class=&#8220;no-space-img&#8220;][vc_column_text el_class=&#8220;hidden&#8220;]Der Bereich Engineering setzt sich aus erfahrenen, bestens qualifizierten Ingenieuren zusammen, die [\u2026]","og_url":"https:\/\/geoconseils.lu\/de\/taetigkeitsfelder\/engineering\/","og_site_name":"G\u00e9oconseils","article_modified_time":"2025-07-07T15:38:39+00:00","og_image":[{"width":1200,"height":900,"url":"https:\/\/geoconseils.lu\/wp-content\/uploads\/2022\/05\/dsc_0091-1200x900-c-default.jpg","type":"image\/jpeg"}],"twitter_card":"summary_large_image","twitter_misc":{"Gesch\u00e4tzte Lesezeit":"2\u00a0Minuten"},"schema":{"@context":"https:\/\/schema.org","@graph":[{"@type":"WebPage","@id":"https:\/\/geoconseils.lu\/de\/taetigkeitsfelder\/engineering\/","url":"https:\/\/geoconseils.lu\/de\/taetigkeitsfelder\/engineering\/","name":"Engineering - G\u00e9oconseils","isPartOf":{"@id":"https:\/\/geoconseils.lu\/#website"},"datePublished":"2022-05-23T15:23:53+00:00","dateModified":"2025-07-07T15:38:39+00:00","breadcrumb":{"@id":"https:\/\/geoconseils.lu\/de\/taetigkeitsfelder\/engineering\/#breadcrumb"},"inLanguage":"de","potentialAction":[{"@type":"ReadAction","target":["https:\/\/geoconseils.lu\/de\/taetigkeitsfelder\/engineering\/"]}]},{"@type":"BreadcrumbList","@id":"https:\/\/geoconseils.lu\/de\/taetigkeitsfelder\/engineering\/#breadcrumb","itemListElement":[{"@type":"ListItem","position":1,"name":"Home","item":"https:\/\/geoconseils.lu\/de\/"},{"@type":"ListItem","position":2,"name":"T\u00e4tigkeitsfelder","item":"https:\/\/geoconseils.lu\/de\/taetigkeitsfelder\/"},{"@type":"ListItem","position":3,"name":"Engineering"}]},{"@type":"WebSite","@id":"https:\/\/geoconseils.lu\/#website","url":"https:\/\/geoconseils.lu\/","name":"G\u00e9oconseils","description":"","inLanguage":"de"}]}},"_links":{"self":[{"href":"https:\/\/geoconseils.lu\/de\/wp-json\/wp\/v2\/pages\/219","targetHints":{"allow":["GET"]}}],"collection":[{"href":"https:\/\/geoconseils.lu\/de\/wp-json\/wp\/v2\/pages"}],"about":[{"href":"https:\/\/geoconseils.lu\/de\/wp-json\/wp\/v2\/types\/page"}],"author":[{"embeddable":true,"href":"https:\/\/geoconseils.lu\/de\/wp-json\/wp\/v2\/users\/1"}],"replies":[{"embeddable":true,"href":"https:\/\/geoconseils.lu\/de\/wp-json\/wp\/v2\/comments?post=219"}],"version-history":[{"count":9,"href":"https:\/\/geoconseils.lu\/de\/wp-json\/wp\/v2\/pages\/219\/revisions"}],"predecessor-version":[{"id":1117,"href":"https:\/\/geoconseils.lu\/de\/wp-json\/wp\/v2\/pages\/219\/revisions\/1117"}],"up":[{"embeddable":true,"href":"https:\/\/geoconseils.lu\/de\/wp-json\/wp\/v2\/pages\/156"}],"wp:featuredmedia":[{"embeddable":true,"href":"https:\/\/geoconseils.lu\/de\/wp-json\/wp\/v2\/media\/202"}],"wp:attachment":[{"href":"https:\/\/geoconseils.lu\/de\/wp-json\/wp\/v2\/media?parent=219"}],"curies":[{"name":"wp","href":"https:\/\/api.w.org\/{rel}","templated":true}]}}