{"id":451,"date":"2022-05-23T17:26:01","date_gmt":"2022-05-23T15:26:01","guid":{"rendered":"http:\/\/geoconseils.lu\/societe\/"},"modified":"2025-11-24T12:06:53","modified_gmt":"2025-11-24T11:06:53","slug":"das-unternehmen","status":"publish","type":"page","link":"https:\/\/geoconseils.lu\/de\/das-unternehmen\/","title":{"rendered":"Das Unternehmen"},"content":{"rendered":"<p>[vc_section full_width=&#8220;stretch_row&#8220; el_id=&#8220;intro&#8220; css=&#8220;.vc_custom_1744700493263{background: #747373 url(https:\/\/geoconseils.lu\/wp-content\/uploads\/2025\/04\/Group-811.png?id=942) !important;}&#8220;][vc_row][vc_column width=&#8220;1\/2&#8243;][vc_column_text]<\/p>\n<h1 class=\"upper\">\u00dcber uns<\/h1>\n<p>[\/vc_column_text][\/vc_column][vc_column width=&#8220;1\/2&#8243;][\/vc_column][\/vc_row][vc_row full_width=&#8220;stretch_row_content_no_spaces&#8220; el_class=&#8220;skew-bot-row skew-bot-row-light&#8220;][vc_column][\/vc_column][\/vc_row][\/vc_section][vc_section full_width=&#8220;stretch_row&#8220; css=&#8220;.vc_custom_1653995401432{background-color: #747373 !important;}&#8220; el_class=&#8220;top-pad-4&#8243;][vc_row el_class=&#8220;squeeze-row&#8220;][vc_column][vc_column_text el_class=&#8220;white&#8220;]Das urspr\u00fcnglich in den Bereichen Geotechnik und potenziell kontaminierte Standorte t\u00e4tige Ingenieurb\u00fcro war stets darauf bedacht, den Erwartungen seiner Kunden gerecht zu werden, passte sich an neue M\u00e4rkte an und erweiterte sein T\u00e4tigkeitsfeld kontinuierlich. Heute z\u00e4hlt es zu den absoluten Spezialisten f\u00fcr Interaktion zwischen Untergrund, Wasser und Bauwerk. Durch die vielf\u00e4ltigen, einander erg\u00e4nzenden Fachkompetenzen unserer Ingenieure, Geologen und Techniker k\u00f6nnen wir gew\u00e4hrleisten, dass die von uns erstellten Studien, Berechnungen und Konzepte h\u00f6chsten Qualit\u00e4tsanspr\u00fcchen gen\u00fcgen und stets auf Ihre Bed\u00fcrfnisse zugeschnitten sind.[\/vc_column_text][vc_column_text el_class=&#8220;white&#8220;]<strong>G\u00e9oconseils ist Mitglied in\u2026<\/strong><\/p>\n<ul class=\"white\">\n<li>OAI<\/li>\n<li>Soci\u00e9t\u00e9 g\u00e9ologique du Luxembourg<\/li>\n<li>FORSED : Luxemburgische Vereinigung der im Rahmen ihrer T\u00e4tigkeit zur Untersuchung von Umweltverschmutzungen, Sanierung von B\u00f6den, Untergrund und Grundwasser, Zertifizierung von Dekontaminierungsarbeiten und Entsorgung von Abf\u00e4llen zugelassenen Stellen<\/li>\n<\/ul>\n<p>[\/vc_column_text][vc_btn title=&#8220;Fiche de prestations&#8220; align=&#8220;center&#8220; link=&#8220;url:%2Fwp-content%2Fuploads%2F2022%2F05%2FGC_COM_SUP_PII_20210716_Plaquette_A3_web.pdf|target:_blank&#8220; el_class=&#8220;cta-btn hidden&#8220;][\/vc_column][\/vc_row][vc_row full_width=&#8220;stretch_row_content_no_spaces&#8220; el_class=&#8220;skew-bot-row skew-bot-row-special&#8220;][vc_column][\/vc_column][\/vc_row][\/vc_section][vc_section full_width=&#8220;stretch_row&#8220; css=&#8220;.vc_custom_1653995854914{background-color: #4f4a4a !important;}&#8220; el_class=&#8220;top-pad-6&#8243;][vc_row][vc_column][vc_column_text]<\/p>\n<h2 class=\"al-center white upper bot-mar-2\">Die Bausteine unseres Erfolgs<\/h2>\n<p>[\/vc_column_text][\/vc_column][\/vc_row][vc_row el_id=&#8220;value-row&#8220;][vc_column width=&#8220;1\/3&#8243;][vc_single_image image=&#8220;397&#8243; img_size=&#8220;full&#8220; alignment=&#8220;center&#8220;][vc_column_text el_class=&#8220;white&#8220;]<\/p>\n<h3 class=\"upper\"><strong>Qualit\u00e4t<\/strong><\/h3>\n<p>Um seinen hohen Qualit\u00e4tsanspr\u00fcchen Rechnung zu tragen, ist unser Ingenieurb\u00fcro seit 2015 nach ISO 9001 zertifiziert. Die Qualit\u00e4t unserer Leistungen ruht auf vier S\u00e4ulen:[\/vc_column_text][vc_column_text]<\/p>\n<ul class=\"white\">\n<li>Effiziente Beratung und Unterst\u00fctzung, indem wir f\u00fcr unsere Kunden da sind und ein offenes Ohr f\u00fcr ihre Anliegen haben<\/li>\n<li>Suche nach geeigneten und optimalen L\u00f6sungen, was Technik, Kosten, Umweltschutz und menschliche Aspekte angeht<\/li>\n<li>Einhaltung von Deadlines und Kostenrahmen<\/li>\n<li>Innovation durch die Suche nach neuen L\u00f6sungen, um einen kontinuierlichen Fortschritt zu gew\u00e4hrleisten.<\/li>\n<\/ul>\n<p>[\/vc_column_text][\/vc_column][vc_column width=&#8220;1\/3&#8243;][vc_single_image image=&#8220;399&#8243; img_size=&#8220;full&#8220; alignment=&#8220;center&#8220;][vc_column_text el_class=&#8220;white&#8220;]<\/p>\n<h3 class=\"upper\">Interdisziplinarit\u00e4t<\/h3>\n<p>Unser interdisziplin\u00e4res Team setzt sich aus Geologen, Ingenieuren, Geografen, Hydrogeologen und Technikern zusammen, wodurch wir <strong>umfassende Leistungen von h\u00f6chster Qualit\u00e4t anbieten k\u00f6nnen \u2013 von der Planungsphase bis hin zur \u00dcberwachung der Bauausf\u00fchrung bei speziellen Baustellen<\/strong>. Dank dieser Interdisziplinarit\u00e4t sind wir in der Lage, fachkundige Beratungen, technische Berechnungen und ein geeignetes Projektmanagment zu gew\u00e4hrleisten.[\/vc_column_text][\/vc_column][vc_column width=&#8220;1\/3&#8243;][vc_single_image image=&#8220;395&#8243; img_size=&#8220;full&#8220; alignment=&#8220;center&#8220;][vc_column_text el_class=&#8220;white&#8220;]<\/p>\n<h3 class=\"upper\">Exzellenz<\/h3>\n<p>Die Exzellenz unserer Leistungen ist nicht nur auf die Sorgfalt, mit der wir <strong>unsere Pl\u00e4ne und Berichte erstellen<\/strong>, und die interne Organisation des Unternehmens, sondern auch auf die <strong>fortlaufende Weiterbildung <\/strong>unseres Personals und die <strong>analytischen F\u00e4higkeiten <\/strong>unserer Mitarbeiter zur\u00fcckzuf\u00fchren.[\/vc_column_text][\/vc_column][\/vc_row][vc_row full_width=&#8220;stretch_row_content_no_spaces&#8220; el_class=&#8220;skew-bot-row skew-bot-row-white top-mar-4&#8243;][vc_column][\/vc_column][\/vc_row][\/vc_section][vc_section el_class=&#8220;team-sec top-pad-4&#8243;][vc_row][vc_column][vc_column_text]<\/p>\n<h2 class=\"al-center upper bot-mar-3\">Gesch\u00e4ftsf\u00fchrer<\/h2>\n<p>[\/vc_column_text][\/vc_column][\/vc_row][vc_row equal_height=&#8220;yes&#8220; el_class=&#8220;team-row&#8220;][vc_column width=&#8220;1\/4&#8243;][vc_single_image image=&#8220;1082&#8243; img_size=&#8220;full&#8220; alignment=&#8220;center&#8220; el_class=&#8220;no-space-img scew-img&#8220;][vc_column_text el_class=&#8220;team-social-overlay&#8220;]<a href=\"https:\/\/www.linkedin.com\/in\/joop-verharen-977087a5\/\" target=\"_blank\" rel=\"nofollow noopener\"><i class=\"fab fa-linkedin-in\"><span class=\"social-placeholder\">.<\/span><\/i><\/a>[\/vc_column_text][vc_column_text el_class=&#8220;team-desc&#8220;]<\/p>\n<h6>Joop VERHAREN<\/h6>\n<p><span class=\"team-position\">Generaldirektor<br \/>\nDiplom-Geologe und Bauingenieur<\/span>[\/vc_column_text][\/vc_column][vc_column width=&#8220;1\/4&#8243;][vc_single_image image=&#8220;1084&#8243; img_size=&#8220;full&#8220; alignment=&#8220;center&#8220; el_class=&#8220;no-space-img scew-img&#8220;][vc_column_text el_class=&#8220;team-social-overlay&#8220;]<a href=\"https:\/\/www.linkedin.com\/in\/marc-czapla-16b6b0\/\" target=\"_blank\" rel=\"nofollow noopener\"><i class=\"fab fa-linkedin-in\"><span class=\"social-placeholder\">.<\/span><\/i><\/a>[\/vc_column_text][vc_column_text el_class=&#8220;team-desc&#8220;]<\/p>\n<h6>Marc CZAPLA<\/h6>\n<p><span class=\"team-position\">Generaldirektor<br \/>\nDiplom-Ingenieur im Bauwesen<\/span>[\/vc_column_text][\/vc_column][vc_column width=&#8220;1\/4&#8243;][vc_single_image image=&#8220;1086&#8243; img_size=&#8220;full&#8220; alignment=&#8220;center&#8220; el_class=&#8220;no-space-img scew-img&#8220;][vc_column_text el_class=&#8220;team-social-overlay&#8220;]<a href=\"https:\/\/www.linkedin.com\/in\/laurence-pl\u00e8necassagne-880b16225\/\" target=\"_blank\" rel=\"nofollow noopener\"><i class=\"fab fa-linkedin-in\"><span class=\"social-placeholder\">.<\/span><\/i><\/a>[\/vc_column_text][vc_column_text el_class=&#8220;team-desc&#8220;]<\/p>\n<h6>Laurence PL\u00c8NECASSAGNE<\/h6>\n<p>Technische Leiterin<br \/>\nDiplom-Hydrogeologin<\/p>\n<div id=\"gtx-trans\" style=\"position: absolute; left: 90px; top: 39px;\">\n<div class=\"gtx-trans-icon\"><\/div>\n<\/div>\n<p>[\/vc_column_text][\/vc_column][vc_column width=&#8220;1\/4&#8243;][vc_single_image image=&#8220;1094&#8243; img_size=&#8220;full&#8220; alignment=&#8220;center&#8220; el_class=&#8220;no-space-img scew-img&#8220;][vc_column_text el_class=&#8220;team-social-overlay&#8220;]<a href=\"https:\/\/www.linkedin.com\/in\/steve-gruslin-78408211b\/\" target=\"_blank\" rel=\"nofollow noopener\"><i class=\"fab fa-linkedin-in\"><span class=\"social-placeholder\">.<\/span><\/i><\/a>[\/vc_column_text][vc_column_text el_class=&#8220;team-desc&#8220;]<\/p>\n<h6>Steve GRUSLIN<\/h6>\n<p>Technischer Direktor<\/p>\n<div id=\"gtx-trans\" style=\"position: absolute; left: 70px; top: 6.60938px;\">\n<div class=\"gtx-trans-icon\"><\/div>\n<\/div>\n<p>[\/vc_column_text][\/vc_column][\/vc_row][vc_row equal_height=&#8220;yes&#8220; disable_element=&#8220;yes&#8220; el_class=&#8220;team-row&#8220;][vc_column width=&#8220;1\/3&#8243;][vc_single_image image=&#8220;401&#8243; img_size=&#8220;full&#8220; alignment=&#8220;center&#8220; el_class=&#8220;no-space-img&#8220;][vc_column_text el_class=&#8220;team-desc&#8220;]<\/p>\n<h6>Michael NAUHEIMER<\/h6>\n<p><span class=\"team-position\">Generaldirektor<br \/>\nDiplom-Geologe &#8211; Geotechniker<\/span>[\/vc_column_text][\/vc_column][\/vc_row][\/vc_section][vc_section full_width=&#8220;stretch_row&#8220; css=&#8220;.vc_custom_1657701651527{padding-top: 0px !important;background-image: url(\/wp-content\/uploads\/2022\/05\/Mask-Group-172.jpg?id=407) !important;}&#8220; el_id=&#8220;esr&#8220;][vc_row full_width=&#8220;stretch_row_content_no_spaces&#8220; el_class=&#8220;skew-top-row skew-top-row-white&#8220;][vc_column][\/vc_column][\/vc_row][vc_row equal_height=&#8220;yes&#8220; content_placement=&#8220;middle&#8220; el_class=&#8220;top-mar-4&#8243;][vc_column width=&#8220;1\/3&#8243;][vc_single_image image=&#8220;409&#8243; img_size=&#8220;full&#8220; alignment=&#8220;center&#8220; css=&#8220;.vc_custom_1653996740174{margin-bottom: 0px !important;}&#8220;][\/vc_column][vc_column width=&#8220;2\/3&#8243;][vc_column_text]<\/p>\n<h3 id=\"rse-heading\" class=\"upper al-center\"><strong>Unser CSR-Ansatz<\/strong><\/h3>\n<p>[\/vc_column_text][vc_column_text]Am 2. Juli 2019 hat das Unternehmen seine ethischen Wertvorstellungen durch Entwicklung seines CSR-Ansatzes (Corporate Social Responsibility) konkretisiert und das Label \u201eEntreprise Socialement Responsable\u201c (Sozial verantwortungsvolles Unternehmen \u2013 ESR) beantragt. Der CSR-Ansatz bildet heute, genauso wie die Qualit\u00e4t, eine eigenst\u00e4ndige Komponente unserer Strategie der kontinuierlichen Verbesserung. Das auf Konzernebene zentralisierte integrierte Managementsystem (IMS) sorgt f\u00fcr die \u00dcberwachung und Umsetzung der entsprechenden Ma\u00dfnahmen.[\/vc_column_text][vc_btn title=&#8220;Mehr dazu&#8220; align=&#8220;center&#8220; link=&#8220;url:https%3A%2F%2Flsc-group.lu%2Fde%2Funsere-strategie%2F|target:_blank&#8220; el_class=&#8220;cta-btn&#8220;][\/vc_column][\/vc_row][vc_row full_width=&#8220;stretch_row_content_no_spaces&#8220; disable_element=&#8220;yes&#8220; el_class=&#8220;skew-bot-row skew-bot-row-white&#8220;][vc_column][\/vc_column][\/vc_row][\/vc_section][vc_section disable_element=&#8220;yes&#8220; el_class=&#8220;top-mar-4&#8243;][vc_row][vc_column][vc_column_text]<\/p>\n<h2 class=\"al-center upper\"><strong>Die Gruppe<\/strong><\/h2>\n<p>[\/vc_column_text][vc_column_text el_class=&#8220;black&#8220;]Die <strong>LSC Engineering Group<\/strong>, die aus der langj\u00e4hrigen Zusammenarbeit von Luxplan mit Simon-Christiansen &amp; Associ\u00e9s hervorgegangen ist, umfasst heute <strong>neun Unternehmen in Luxemburg <\/strong>und <strong>sechs Unternehmen im Ausland<\/strong>.<\/p>\n<p>Diese Unternehmen b\u00fcndeln jeden Tag ihr Know-how, um den Anforderungen des Markts im <strong>Baubereich und auf dem Gebiet der Raumordnung <\/strong>gerecht zu werden. Mit den angebotenen Leistungen strebt die Gruppe danach, die Bau-, Renovierungs- oder Umbauprojekte <strong>ihrer Kunden in allen Phasen betreuen zu k\u00f6nnen<\/strong>.<\/p>\n<p>Dank des Engagements und des Fachwissens ihres erfahrenen und bereichs\u00fcbergreifend t\u00e4tigen Personals konnte sich die Gruppe im Laufe ihres <strong>44-j\u00e4hrigen Bestehens <\/strong>zu einem <strong>der Marktf\u00fchrer dieser Branche in Luxemburg<\/strong> aufschwingen. Heute hat die Gruppe, die sich durch die Vielfalt ihrer Besch\u00e4ftigten auszeichnet, mehr als <strong>300 Mitarbeiter<\/strong>, wobei sich die Teams aus jungen, dynamischen Talenten und erfahrenen Arbeitnehmern zusammensetzen.[\/vc_column_text][\/vc_column][\/vc_row][vc_row][vc_column][vc_btn title=&#8220;Mehr \u00fcber die Gruppe erfahren&#8220; align=&#8220;center&#8220; link=&#8220;url:https%3A%2F%2Flsc-group.lu|target:_blank&#8220; el_class=&#8220;cta-btn&#8220;][\/vc_column][\/vc_row][vc_row][vc_column][vc_column_text el_class=&#8220;al-center black bordered-content top-mar-4 bot-mar-4&#8243;]<strong>Die h\u00e4ufige Zusammenarbeit und geografische N\u00e4he zu den anderen (ebenfalls in Luxemburg ans\u00e4ssigen) Unternehmen der Gruppe stellen ohne Zweifel einen betr\u00e4chtlichen Vorteil f\u00fcr G\u00e9oconseils dar.<\/strong>[\/vc_column_text][\/vc_column][\/vc_row][vc_row][vc_column][vc_images_carousel images=&#8220;779,425,503,427,433,818,495,493,805,795,443,445,807,431,864&#8243; img_size=&#8220;full&#8220; onclick=&#8220;custom_link&#8220; speed=&#8220;3000&#8243; slides_per_view=&#8220;5&#8243; autoplay=&#8220;yes&#8220; hide_pagination_control=&#8220;yes&#8220; wrap=&#8220;yes&#8220; el_id=&#8220;company-logos&#8220; custom_links=&#8220;#E-8_aHR0cHMlM0ElMkYlMkZiZmgtaW5nZW5pZXVyZS5kZSUyRiUyQ2h0dHBzJTNBJTJGJTJGYnNjLmx1JTJGJTJDaHR0cHMlM0ElMkYlMkZkZXZvbHV4Lmx1JTJGJTJDaHR0cHMlM0ElMkYlMkZnZW9jb25zZWlscy5sdSUyRiUyQ2h0dHBzJTNBJTJGJTJGaW50ZXJhbGlhLmx1JTJGJTJDaHR0cHMlM0ElMkYlMkZsc2MtZW52Lmx1JTJGJTJDaHR0cHMlM0ElMkYlMkZsdXhwbGFuLmx1JTJGJTJDaHR0cHMlM0ElMkYlMkZsdXhzZW5zZS5sdSUyRiUyQ2h0dHBzJTNBJTJGJTJGY2FybG8tbWVyc2NoLmx1JTJDaHR0cHMlM0ElMkYlMkZzY2FmcmlxdWUuY29tJTJGJTJDaHR0cHMlM0ElMkYlMkZzYy1mcmFuY2UuZnIlMkYlMkNodHRwcyUzQSUyRiUyRnNpbW9uLWNocmlzdGlhbnNlbi5sdSUyRiUyQ2h0dHBzJTNBJTJGJTJGc2tpbGxzY2VudGVyLmx1JTJGJTJDaHR0cHMlM0ElMkYlMkZ6aWxtcGxhbi5sdSUyRg==&#8220;][\/vc_column][\/vc_row][vc_row full_width=&#8220;stretch_row_content_no_spaces&#8220; el_class=&#8220;skew-bot-row skew-bot-row-light&#8220;][vc_column][\/vc_column][\/vc_row][\/vc_section][vc_section full_width=&#8220;stretch_row&#8220; disable_element=&#8220;yes&#8220; css=&#8220;.vc_custom_1743615450844{background-color: #747373 !important;}&#8220;][vc_row][vc_column][vc_column_text]<\/p>\n<h2 class=\"white upper al-center\">Unsere Partner<\/h2>\n<p>[\/vc_column_text][\/vc_column][\/vc_row][vc_row][vc_column width=&#8220;1\/2&#8243;][vc_single_image image=&#8220;412&#8243; img_size=&#8220;full&#8220; alignment=&#8220;center&#8220; css=&#8220;.vc_custom_1653997929549{margin-bottom: 0px !important;}&#8220;][vc_column_text]<\/p>\n<h3 class=\"al-center upper white partner-name\">GC GmbH<\/h3>\n<p>[\/vc_column_text][vc_column_text el_class=&#8220;white al-center&#8220;]Die GC GmbH, ein in den Bereichen Geotechnik, Abfallwirtschaft und Ingenieurwesen t\u00e4tiges Ingenieurb\u00fcro, unterst\u00fctzt Interalia mit seinem Fachwissen in Deutschland.[\/vc_column_text][\/vc_column][vc_column width=&#8220;1\/2&#8243;][vc_single_image image=&#8220;414&#8243; img_size=&#8220;full&#8220; alignment=&#8220;center&#8220; css=&#8220;.vc_custom_1653997963215{margin-bottom: 0px !important;}&#8220;][vc_column_text]<\/p>\n<h3 class=\"al-center upper white partner-name\">Gewatec<\/h3>\n<p>[\/vc_column_text][vc_column_text el_class=&#8220;white al-center&#8220;]Wir z\u00e4hlen bei der Erbringung unserer Leistungen bereits seit mehreren Jahren auf die Professionalit\u00e4t und die qualitativ hochwertigen Dienste der Gewatec. Die Gewatec hat sich auf Sondier- und Aufschlussbohrungen zur geologischen Erkundung spezialisiert und konnte sich durch seine qualitativ hochwertigen Leistungen auf dem Gebiet der Geotechnik und Hydrogeologie behaupten.[\/vc_column_text][vc_btn title=&#8220;Website ansehen&#8220; align=&#8220;center&#8220; link=&#8220;url:https%3A%2F%2Fwww.gewatec.lu%2F|target:_blank|rel:nofollow&#8220; el_class=&#8220;cta-btn&#8220;][\/vc_column][\/vc_row][\/vc_section]<\/p>\n","protected":false},"excerpt":{"rendered":"<p>[vc_section full_width=&#8220;stretch_row&#8220; el_id=&#8220;intro&#8220; css=&#8220;.vc_custom_1744700493263{background: #747373 url(https:\/\/geoconseils.lu\/wp-content\/uploads\/2025\/04\/Group-811.png?id=942) !important;}&#8220;][vc_row][vc_column width=&#8220;1\/2&#8243;][vc_column_text] \u00dcber uns [\/vc_column_text][\/vc_column][vc_column width=&#8220;1\/2&#8243;][\/vc_column][\/vc_row][vc_row full_width=&#8220;stretch_row_content_no_spaces&#8220; el_class=&#8220;skew-bot-row skew-bot-row-light&#8220;][vc_column][\/vc_column][\/vc_row][\/vc_section][vc_section full_width=&#8220;stretch_row&#8220; css=&#8220;.vc_custom_1653995401432{background-color: #747373 !important;}&#8220; el_class=&#8220;top-pad-4&#8243;][vc_row el_class=&#8220;squeeze-row&#8220;][vc_column][vc_column_text el_class=&#8220;white&#8220;]Das urspr\u00fcnglich in den Bereichen<span class=\"excerpt-hellip\"> [\u2026]<\/span><\/p>\n","protected":false},"author":1,"featured_media":0,"parent":0,"menu_order":0,"comment_status":"closed","ping_status":"closed","template":"","meta":{"inline_featured_image":false,"footnotes":""},"class_list":["post-451","page","type-page","status-publish","hentry"],"yoast_head":"<!-- This site is optimized with the Yoast SEO plugin v19.14 - https:\/\/yoast.com\/wordpress\/plugins\/seo\/ -->\n<title>G\u00e9oconseils - Vorstellung des Ingenieurb\u00fcros<\/title>\n<meta name=\"robots\" content=\"index, follow, max-snippet:-1, max-image-preview:large, max-video-preview:-1\" \/>\n<link rel=\"canonical\" href=\"https:\/\/geoconseils.lu\/de\/das-unternehmen\/\" \/>\n<meta property=\"og:locale\" content=\"de_DE\" \/>\n<meta property=\"og:type\" content=\"article\" \/>\n<meta property=\"og:title\" content=\"G\u00e9oconseils - Vorstellung des Ingenieurb\u00fcros\" \/>\n<meta property=\"og:description\" content=\"[vc_section full_width=&#8220;stretch_row&#8220; el_id=&#8220;intro&#8220; css=&#8220;.vc_custom_1744700493263{background: #747373 url(https:\/\/geoconseils.lu\/wp-content\/uploads\/2025\/04\/Group-811.png?id=942) !important;}&#8220;][vc_row][vc_column width=&#8220;1\/2&#8243;][vc_column_text] \u00dcber uns [\/vc_column_text][\/vc_column][vc_column width=&#8220;1\/2&#8243;][\/vc_column][\/vc_row][vc_row full_width=&#8220;stretch_row_content_no_spaces&#8220; el_class=&#8220;skew-bot-row skew-bot-row-light&#8220;][vc_column][\/vc_column][\/vc_row][\/vc_section][vc_section full_width=&#8220;stretch_row&#8220; css=&#8220;.vc_custom_1653995401432{background-color: #747373 !important;}&#8220; el_class=&#8220;top-pad-4&#8243;][vc_row el_class=&#8220;squeeze-row&#8220;][vc_column][vc_column_text el_class=&#8220;white&#8220;]Das urspr\u00fcnglich in den Bereichen [\u2026]\" \/>\n<meta property=\"og:url\" content=\"https:\/\/geoconseils.lu\/de\/das-unternehmen\/\" \/>\n<meta property=\"og:site_name\" content=\"G\u00e9oconseils\" \/>\n<meta property=\"article:modified_time\" content=\"2025-11-24T11:06:53+00:00\" \/>\n<meta name=\"twitter:card\" content=\"summary_large_image\" \/>\n<meta name=\"twitter:label1\" content=\"Gesch\u00e4tzte Lesezeit\" \/>\n\t<meta name=\"twitter:data1\" content=\"4\u00a0Minuten\" \/>\n<script type=\"application\/ld+json\" class=\"yoast-schema-graph\">{\"@context\":\"https:\/\/schema.org\",\"@graph\":[{\"@type\":\"WebPage\",\"@id\":\"https:\/\/geoconseils.lu\/de\/das-unternehmen\/\",\"url\":\"https:\/\/geoconseils.lu\/de\/das-unternehmen\/\",\"name\":\"G\u00e9oconseils - Vorstellung des Ingenieurb\u00fcros\",\"isPartOf\":{\"@id\":\"https:\/\/geoconseils.lu\/#website\"},\"datePublished\":\"2022-05-23T15:26:01+00:00\",\"dateModified\":\"2025-11-24T11:06:53+00:00\",\"breadcrumb\":{\"@id\":\"https:\/\/geoconseils.lu\/de\/das-unternehmen\/#breadcrumb\"},\"inLanguage\":\"de\",\"potentialAction\":[{\"@type\":\"ReadAction\",\"target\":[\"https:\/\/geoconseils.lu\/de\/das-unternehmen\/\"]}]},{\"@type\":\"BreadcrumbList\",\"@id\":\"https:\/\/geoconseils.lu\/de\/das-unternehmen\/#breadcrumb\",\"itemListElement\":[{\"@type\":\"ListItem\",\"position\":1,\"name\":\"Home\",\"item\":\"https:\/\/geoconseils.lu\/de\/\"},{\"@type\":\"ListItem\",\"position\":2,\"name\":\"Das Unternehmen\"}]},{\"@type\":\"WebSite\",\"@id\":\"https:\/\/geoconseils.lu\/#website\",\"url\":\"https:\/\/geoconseils.lu\/\",\"name\":\"G\u00e9oconseils\",\"description\":\"\",\"inLanguage\":\"de\"}]}<\/script>\n<!-- \/ Yoast SEO plugin. -->","yoast_head_json":{"title":"G\u00e9oconseils - Vorstellung des Ingenieurb\u00fcros","robots":{"index":"index","follow":"follow","max-snippet":"max-snippet:-1","max-image-preview":"max-image-preview:large","max-video-preview":"max-video-preview:-1"},"canonical":"https:\/\/geoconseils.lu\/de\/das-unternehmen\/","og_locale":"de_DE","og_type":"article","og_title":"G\u00e9oconseils - Vorstellung des Ingenieurb\u00fcros","og_description":"[vc_section full_width=&#8220;stretch_row&#8220; el_id=&#8220;intro&#8220; css=&#8220;.vc_custom_1744700493263{background: #747373 url(https:\/\/geoconseils.lu\/wp-content\/uploads\/2025\/04\/Group-811.png?id=942) !important;}&#8220;][vc_row][vc_column width=&#8220;1\/2&#8243;][vc_column_text] \u00dcber uns [\/vc_column_text][\/vc_column][vc_column width=&#8220;1\/2&#8243;][\/vc_column][\/vc_row][vc_row full_width=&#8220;stretch_row_content_no_spaces&#8220; el_class=&#8220;skew-bot-row skew-bot-row-light&#8220;][vc_column][\/vc_column][\/vc_row][\/vc_section][vc_section full_width=&#8220;stretch_row&#8220; css=&#8220;.vc_custom_1653995401432{background-color: #747373 !important;}&#8220; el_class=&#8220;top-pad-4&#8243;][vc_row el_class=&#8220;squeeze-row&#8220;][vc_column][vc_column_text el_class=&#8220;white&#8220;]Das urspr\u00fcnglich in den Bereichen [\u2026]","og_url":"https:\/\/geoconseils.lu\/de\/das-unternehmen\/","og_site_name":"G\u00e9oconseils","article_modified_time":"2025-11-24T11:06:53+00:00","twitter_card":"summary_large_image","twitter_misc":{"Gesch\u00e4tzte Lesezeit":"4\u00a0Minuten"},"schema":{"@context":"https:\/\/schema.org","@graph":[{"@type":"WebPage","@id":"https:\/\/geoconseils.lu\/de\/das-unternehmen\/","url":"https:\/\/geoconseils.lu\/de\/das-unternehmen\/","name":"G\u00e9oconseils - Vorstellung des Ingenieurb\u00fcros","isPartOf":{"@id":"https:\/\/geoconseils.lu\/#website"},"datePublished":"2022-05-23T15:26:01+00:00","dateModified":"2025-11-24T11:06:53+00:00","breadcrumb":{"@id":"https:\/\/geoconseils.lu\/de\/das-unternehmen\/#breadcrumb"},"inLanguage":"de","potentialAction":[{"@type":"ReadAction","target":["https:\/\/geoconseils.lu\/de\/das-unternehmen\/"]}]},{"@type":"BreadcrumbList","@id":"https:\/\/geoconseils.lu\/de\/das-unternehmen\/#breadcrumb","itemListElement":[{"@type":"ListItem","position":1,"name":"Home","item":"https:\/\/geoconseils.lu\/de\/"},{"@type":"ListItem","position":2,"name":"Das Unternehmen"}]},{"@type":"WebSite","@id":"https:\/\/geoconseils.lu\/#website","url":"https:\/\/geoconseils.lu\/","name":"G\u00e9oconseils","description":"","inLanguage":"de"}]}},"_links":{"self":[{"href":"https:\/\/geoconseils.lu\/de\/wp-json\/wp\/v2\/pages\/451","targetHints":{"allow":["GET"]}}],"collection":[{"href":"https:\/\/geoconseils.lu\/de\/wp-json\/wp\/v2\/pages"}],"about":[{"href":"https:\/\/geoconseils.lu\/de\/wp-json\/wp\/v2\/types\/page"}],"author":[{"embeddable":true,"href":"https:\/\/geoconseils.lu\/de\/wp-json\/wp\/v2\/users\/1"}],"replies":[{"embeddable":true,"href":"https:\/\/geoconseils.lu\/de\/wp-json\/wp\/v2\/comments?post=451"}],"version-history":[{"count":25,"href":"https:\/\/geoconseils.lu\/de\/wp-json\/wp\/v2\/pages\/451\/revisions"}],"predecessor-version":[{"id":1158,"href":"https:\/\/geoconseils.lu\/de\/wp-json\/wp\/v2\/pages\/451\/revisions\/1158"}],"wp:attachment":[{"href":"https:\/\/geoconseils.lu\/de\/wp-json\/wp\/v2\/media?parent=451"}],"curies":[{"name":"wp","href":"https:\/\/api.w.org\/{rel}","templated":true}]}}