{"id":706,"date":"2022-07-01T13:09:43","date_gmt":"2022-07-01T11:09:43","guid":{"rendered":"http:\/\/geoconseils.lu\/?page_id=706"},"modified":"2025-11-24T11:52:29","modified_gmt":"2025-11-24T10:52:29","slug":"umwelt","status":"publish","type":"page","link":"https:\/\/geoconseils.lu\/de\/taetigkeitsfelder\/umwelt\/","title":{"rendered":"Umwelt"},"content":{"rendered":"<p>[vc_section full_width=&#8220;stretch_row&#8220; el_id=&#8220;activity-intro&#8220; css=&#8220;.vc_custom_1744701653887{background-image: url(https:\/\/geoconseils.lu\/wp-content\/uploads\/2025\/04\/Group-820.png?id=962) !important;}&#8220;][vc_row el_id=&#8220;activity-intro-heading-row&#8220;][vc_column][vc_column_text]<\/p>\n<h1 class=\"upper\">Umwelt<\/h1>\n<p>[\/vc_column_text][\/vc_column][\/vc_row][vc_row full_width=&#8220;stretch_row_content_no_spaces&#8220;][vc_column][vc_single_image image=&#8220;962&#8243; img_size=&#8220;full&#8220; alignment=&#8220;center&#8220; el_class=&#8220;no-space-img&#8220;][vc_column_text el_class=&#8220;hidden&#8220;]Unsere Umwelt-Abteilung bietet umfassende Leistungen im Bereich der Sanierung von Altlastenstandorten und verschmutzten B\u00f6den an.[\/vc_column_text][vc_column_text el_id=&#8220;activity-breadcrumbs&#8220;]<a href=\"\/de\/taetigkeitsfelder\/\">T\u00e4tigkeitsfelder<\/a> &gt; <a href=\"#\">Umwelt<\/a>[\/vc_column_text][\/vc_column][\/vc_row][\/vc_section][vc_section el_id=&#8220;activity-content-sec&#8220;][vc_row][vc_column width=&#8220;2\/3&#8243;][vc_column_text]Unsere <strong>Umwelt<\/strong>-Abteilung bietet umfassende Leistungen auf dem Gebiet der <strong>Sanierung und Aufwertung von Altlastenstandorten und verschmutzten B\u00f6den <\/strong>an.<\/p>\n<p>Dank unserer Erfahrung erarbeiten wir <strong>L\u00f6sungen<\/strong>, die an die Erwartungen und Bed\u00fcrfnisse unserer Kunden angepasst sind und k\u00f6nnen somit eine zielgerichtete Beratung sicherstellen, sei es im Zusammenhang mit dem Kauf oder Verkauf von Grundst\u00fccken. Von <strong>umwelttechnischen Erkundungen <\/strong>\u00fcber die <strong>\u00dcberwachung und Leitung von Sanierungsarbeiten <\/strong>bis hin zur abschlie\u00dfenden <strong>Zertifizierung <\/strong>ber\u00e4t unser in den Kompetenzstufen E5, E7 und F3 akkreditiertes Team auch im Rahmen der <strong>Entsorgung von belasteten und unbelasteten Aushubmaterialien<\/strong>.[\/vc_column_text][vc_column_text]<strong class=\"colored upper activity-service-strong\">Unsere Leistungen<\/strong>[\/vc_column_text][vc_tta_accordion c_icon=&#8220;&#8220; active_section=&#8220;0&#8243; no_fill=&#8220;true&#8220; collapsible_all=&#8220;true&#8220; el_id=&#8220;activity-accordion&#8220;][vc_tta_section title=&#8220;Kontaminierte Standorte und B\u00f6den&#8220; tab_id=&#8220;standorte&#8220;][vc_column_text]<\/p>\n<ul>\n<li>Erkundungen und Probenahmen gem\u00e4\u00df LAGA PN98 (Boden, Untergrund und Wasser)<\/li>\n<li>Historische Recherchen und Erstellen einer Arbeitsmethodik<\/li>\n<li><strong>Umwelttechnische Erkundungen<\/strong><\/li>\n<li>Pr\u00fcfung von <strong>Stra\u00dfenaufbruchmaterial <\/strong>hinsichtlich Wiederverwertung\/Entsorgung (gem\u00e4\u00df gro\u00dfherzoglicher Verordnung vom 19 Juni 2020)<\/li>\n<li><strong>Sanierungskonzepte <\/strong>und Aufstellung des Lastenhefts<\/li>\n<li><strong>\u00dcberwachung und Zertifizierung <\/strong>der Sanierung<\/li>\n<li><strong>Baustellen<\/strong>: Bau\u00fcberwachung und Sonderpr\u00fcfungen, Eignungspr\u00fcfungen, Verdichtungskontrollen, Abfallmanagement<\/li>\n<\/ul>\n<p>[\/vc_column_text][\/vc_tta_section][vc_tta_section title=&#8220;Genehmigungen, Projektmanagement und GIS&#8220; tab_id=&#8220;genehmigungen&#8220;][vc_column_text]<\/p>\n<ul>\n<li>GIS-unterst\u00fctztes Projektmanagement, Entwicklung einer Methodik, Massen- und Kostensch\u00e4tzung von Sanierungsarbeiten usw.<\/li>\n<li><strong>Genehmigungsantr\u00e4ge <\/strong>(Wassergesetz, Naturschutz, strategische Umweltpr\u00fcfungen, Betriebsgenehmigungen f\u00fcr klassifizierte Einrichtungen usw.) und Erstellung von sogenannten Basisberichten gem\u00e4\u00df dem abge\u00e4nderten Industrie-Emissionsgesetz<\/li>\n<\/ul>\n<p>[\/vc_column_text][\/vc_tta_section][\/vc_tta_accordion][\/vc_column][vc_column width=&#8220;1\/3&#8243;][vc_column_text el_class=&#8220;al-center upper&#8220; css=&#8220;.vc_custom_1652960069471{margin-bottom: 0px !important;}&#8220;]<\/p>\n<h3 class=\"activity-department-head\">Abteilungsleiter<\/h3>\n<p>[\/vc_column_text][vc_row_inner][vc_column_inner][vc_single_image image=&#8220;1082&#8243; img_size=&#8220;full&#8220; alignment=&#8220;center&#8220; el_class=&#8220;activity-team-img no-space-img&#8220;][vc_column_text el_class=&#8220;activity-team-social-wrap&#8220;]<a href=\"https:\/\/www.linkedin.com\/in\/joop-verharen-977087a5\/\" target=\"_blank\" rel=\"nofollow noopener\"><i class=\"fab fa-linkedin-in\"><span class=\"social-placeholder\">.<\/span><\/i><\/a>[\/vc_column_text][\/vc_column_inner][\/vc_row_inner][vc_column_text el_class=&#8220;colored activity-team-infos&#8220;]<strong class=\"big\">Joop VERHAREN<\/strong><\/p>\n<p>Gesch\u00e4ftsf\u00fchrer<br \/>\nDiplom-Geowissenschaftler<br \/>\nDiplom-Bauingenieur[\/vc_column_text][vc_row_inner][vc_column_inner][vc_single_image image=&#8220;1091&#8243; img_size=&#8220;full&#8220; alignment=&#8220;center&#8220; el_class=&#8220;activity-team-img no-space-img&#8220;][vc_column_text]<a style=\"display: none;\" href=\"https:\/\/www.linkedin.com\/in\/jacques-nau-774a86104\/\" target=\"_blank\" rel=\"nofollow noopener\"><i class=\"fab fa-linkedin-in\"><span class=\"social-placeholder\">.<\/span><\/i><\/a>[\/vc_column_text][\/vc_column_inner][\/vc_row_inner][vc_column_text el_class=&#8220;colored activity-team-infos&#8220;]<strong class=\"big\">La\u00ebtitia Sehad<\/strong><\/p>\n<p>Abteilungsleiterin[\/vc_column_text][\/vc_column][\/vc_row][vc_row][vc_column][vc_btn title=&#8220;Download Infoflyer&#8220; align=&#8220;center&#8220; link=&#8220;url:%2Fwp-content%2Fuploads%2F2022%2F07%2FGC-COM-SUP-PII-20220629-FP-ENV-DE.pdf|target:_blank&#8220; el_class=&#8220;cta-btn&#8220;][\/vc_column][\/vc_row][\/vc_section][vc_section el_id=&#8220;activity-gallery-sec&#8220;][vc_row][vc_column][vc_column_text]<\/p>\n<h2 class=\"upper al-center\">Fotogalerie<\/h2>\n<p>[\/vc_column_text][\/vc_column][\/vc_row][vc_row][vc_column][vc_gallery type=&#8220;image_grid&#8220; images=&#8220;699,697,695,693,691,689&#8243; img_size=&#8220;full&#8220;][\/vc_column][\/vc_row][vc_row full_width=&#8220;stretch_row_content_no_spaces&#8220; disable_element=&#8220;yes&#8220; el_class=&#8220;skew-bot-row skew-bot-row-light&#8220;][vc_column][\/vc_column][\/vc_row][\/vc_section][vc_section full_width=&#8220;stretch_row&#8220; el_id=&#8220;activity-reference-footer-sec&#8220; css=&#8220;.vc_custom_1653475407937{background-color: #747373 !important;}&#8220;][vc_row][vc_column][vc_column_text]<script>jQuery(function(){ jQuery(\"#activity-reference-footer-sec\").remove();})<\/script>[\/vc_column_text][\/vc_column][\/vc_row][\/vc_section]<\/p>\n","protected":false},"excerpt":{"rendered":"<p>[vc_section full_width=&#8220;stretch_row&#8220; el_id=&#8220;activity-intro&#8220; css=&#8220;.vc_custom_1744701653887{background-image: url(https:\/\/geoconseils.lu\/wp-content\/uploads\/2025\/04\/Group-820.png?id=962) !important;}&#8220;][vc_row el_id=&#8220;activity-intro-heading-row&#8220;][vc_column][vc_column_text] Umwelt [\/vc_column_text][\/vc_column][\/vc_row][vc_row full_width=&#8220;stretch_row_content_no_spaces&#8220;][vc_column][vc_single_image image=&#8220;962&#8243; img_size=&#8220;full&#8220; alignment=&#8220;center&#8220; el_class=&#8220;no-space-img&#8220;][vc_column_text el_class=&#8220;hidden&#8220;]Unsere Umwelt-Abteilung bietet umfassende Leistungen im Bereich der Sanierung von Altlastenstandorten und<span class=\"excerpt-hellip\"> [\u2026]<\/span><\/p>\n","protected":false},"author":1,"featured_media":700,"parent":156,"menu_order":0,"comment_status":"closed","ping_status":"closed","template":"","meta":{"inline_featured_image":false,"footnotes":""},"class_list":["post-706","page","type-page","status-publish","has-post-thumbnail","hentry"],"yoast_head":"<!-- This site is optimized with the Yoast SEO plugin v19.14 - https:\/\/yoast.com\/wordpress\/plugins\/seo\/ -->\n<title>Umwelt - G\u00e9oconseils<\/title>\n<meta name=\"robots\" content=\"index, follow, max-snippet:-1, max-image-preview:large, max-video-preview:-1\" \/>\n<link rel=\"canonical\" href=\"https:\/\/geoconseils.lu\/de\/taetigkeitsfelder\/umwelt\/\" \/>\n<meta property=\"og:locale\" content=\"de_DE\" \/>\n<meta property=\"og:type\" content=\"article\" \/>\n<meta property=\"og:title\" content=\"Umwelt - G\u00e9oconseils\" \/>\n<meta property=\"og:description\" content=\"[vc_section full_width=&#8220;stretch_row&#8220; el_id=&#8220;activity-intro&#8220; css=&#8220;.vc_custom_1744701653887{background-image: url(https:\/\/geoconseils.lu\/wp-content\/uploads\/2025\/04\/Group-820.png?id=962) !important;}&#8220;][vc_row el_id=&#8220;activity-intro-heading-row&#8220;][vc_column][vc_column_text] Umwelt [\/vc_column_text][\/vc_column][\/vc_row][vc_row full_width=&#8220;stretch_row_content_no_spaces&#8220;][vc_column][vc_single_image image=&#8220;962&#8243; img_size=&#8220;full&#8220; alignment=&#8220;center&#8220; el_class=&#8220;no-space-img&#8220;][vc_column_text el_class=&#8220;hidden&#8220;]Unsere Umwelt-Abteilung bietet umfassende Leistungen im Bereich der Sanierung von Altlastenstandorten und [\u2026]\" \/>\n<meta property=\"og:url\" content=\"https:\/\/geoconseils.lu\/de\/taetigkeitsfelder\/umwelt\/\" \/>\n<meta property=\"og:site_name\" content=\"G\u00e9oconseils\" \/>\n<meta property=\"article:modified_time\" content=\"2025-11-24T10:52:29+00:00\" \/>\n<meta property=\"og:image\" content=\"https:\/\/geoconseils.lu\/wp-content\/uploads\/2022\/07\/HEADER.jpg\" \/>\n\t<meta property=\"og:image:width\" content=\"1200\" \/>\n\t<meta property=\"og:image:height\" content=\"900\" \/>\n\t<meta property=\"og:image:type\" content=\"image\/jpeg\" \/>\n<meta name=\"twitter:card\" content=\"summary_large_image\" \/>\n<meta name=\"twitter:label1\" content=\"Gesch\u00e4tzte Lesezeit\" \/>\n\t<meta name=\"twitter:data1\" content=\"2\u00a0Minuten\" \/>\n<script type=\"application\/ld+json\" class=\"yoast-schema-graph\">{\"@context\":\"https:\/\/schema.org\",\"@graph\":[{\"@type\":\"WebPage\",\"@id\":\"https:\/\/geoconseils.lu\/de\/taetigkeitsfelder\/umwelt\/\",\"url\":\"https:\/\/geoconseils.lu\/de\/taetigkeitsfelder\/umwelt\/\",\"name\":\"Umwelt - G\u00e9oconseils\",\"isPartOf\":{\"@id\":\"https:\/\/geoconseils.lu\/#website\"},\"datePublished\":\"2022-07-01T11:09:43+00:00\",\"dateModified\":\"2025-11-24T10:52:29+00:00\",\"breadcrumb\":{\"@id\":\"https:\/\/geoconseils.lu\/de\/taetigkeitsfelder\/umwelt\/#breadcrumb\"},\"inLanguage\":\"de\",\"potentialAction\":[{\"@type\":\"ReadAction\",\"target\":[\"https:\/\/geoconseils.lu\/de\/taetigkeitsfelder\/umwelt\/\"]}]},{\"@type\":\"BreadcrumbList\",\"@id\":\"https:\/\/geoconseils.lu\/de\/taetigkeitsfelder\/umwelt\/#breadcrumb\",\"itemListElement\":[{\"@type\":\"ListItem\",\"position\":1,\"name\":\"Home\",\"item\":\"https:\/\/geoconseils.lu\/de\/\"},{\"@type\":\"ListItem\",\"position\":2,\"name\":\"T\u00e4tigkeitsfelder\",\"item\":\"https:\/\/geoconseils.lu\/de\/taetigkeitsfelder\/\"},{\"@type\":\"ListItem\",\"position\":3,\"name\":\"Umwelt\"}]},{\"@type\":\"WebSite\",\"@id\":\"https:\/\/geoconseils.lu\/#website\",\"url\":\"https:\/\/geoconseils.lu\/\",\"name\":\"G\u00e9oconseils\",\"description\":\"\",\"inLanguage\":\"de\"}]}<\/script>\n<!-- \/ Yoast SEO plugin. -->","yoast_head_json":{"title":"Umwelt - G\u00e9oconseils","robots":{"index":"index","follow":"follow","max-snippet":"max-snippet:-1","max-image-preview":"max-image-preview:large","max-video-preview":"max-video-preview:-1"},"canonical":"https:\/\/geoconseils.lu\/de\/taetigkeitsfelder\/umwelt\/","og_locale":"de_DE","og_type":"article","og_title":"Umwelt - G\u00e9oconseils","og_description":"[vc_section full_width=&#8220;stretch_row&#8220; el_id=&#8220;activity-intro&#8220; css=&#8220;.vc_custom_1744701653887{background-image: url(https:\/\/geoconseils.lu\/wp-content\/uploads\/2025\/04\/Group-820.png?id=962) !important;}&#8220;][vc_row el_id=&#8220;activity-intro-heading-row&#8220;][vc_column][vc_column_text] Umwelt [\/vc_column_text][\/vc_column][\/vc_row][vc_row full_width=&#8220;stretch_row_content_no_spaces&#8220;][vc_column][vc_single_image image=&#8220;962&#8243; img_size=&#8220;full&#8220; alignment=&#8220;center&#8220; el_class=&#8220;no-space-img&#8220;][vc_column_text el_class=&#8220;hidden&#8220;]Unsere Umwelt-Abteilung bietet umfassende Leistungen im Bereich der Sanierung von Altlastenstandorten und [\u2026]","og_url":"https:\/\/geoconseils.lu\/de\/taetigkeitsfelder\/umwelt\/","og_site_name":"G\u00e9oconseils","article_modified_time":"2025-11-24T10:52:29+00:00","og_image":[{"width":1200,"height":900,"url":"https:\/\/geoconseils.lu\/wp-content\/uploads\/2022\/07\/HEADER.jpg","type":"image\/jpeg"}],"twitter_card":"summary_large_image","twitter_misc":{"Gesch\u00e4tzte Lesezeit":"2\u00a0Minuten"},"schema":{"@context":"https:\/\/schema.org","@graph":[{"@type":"WebPage","@id":"https:\/\/geoconseils.lu\/de\/taetigkeitsfelder\/umwelt\/","url":"https:\/\/geoconseils.lu\/de\/taetigkeitsfelder\/umwelt\/","name":"Umwelt - G\u00e9oconseils","isPartOf":{"@id":"https:\/\/geoconseils.lu\/#website"},"datePublished":"2022-07-01T11:09:43+00:00","dateModified":"2025-11-24T10:52:29+00:00","breadcrumb":{"@id":"https:\/\/geoconseils.lu\/de\/taetigkeitsfelder\/umwelt\/#breadcrumb"},"inLanguage":"de","potentialAction":[{"@type":"ReadAction","target":["https:\/\/geoconseils.lu\/de\/taetigkeitsfelder\/umwelt\/"]}]},{"@type":"BreadcrumbList","@id":"https:\/\/geoconseils.lu\/de\/taetigkeitsfelder\/umwelt\/#breadcrumb","itemListElement":[{"@type":"ListItem","position":1,"name":"Home","item":"https:\/\/geoconseils.lu\/de\/"},{"@type":"ListItem","position":2,"name":"T\u00e4tigkeitsfelder","item":"https:\/\/geoconseils.lu\/de\/taetigkeitsfelder\/"},{"@type":"ListItem","position":3,"name":"Umwelt"}]},{"@type":"WebSite","@id":"https:\/\/geoconseils.lu\/#website","url":"https:\/\/geoconseils.lu\/","name":"G\u00e9oconseils","description":"","inLanguage":"de"}]}},"_links":{"self":[{"href":"https:\/\/geoconseils.lu\/de\/wp-json\/wp\/v2\/pages\/706","targetHints":{"allow":["GET"]}}],"collection":[{"href":"https:\/\/geoconseils.lu\/de\/wp-json\/wp\/v2\/pages"}],"about":[{"href":"https:\/\/geoconseils.lu\/de\/wp-json\/wp\/v2\/types\/page"}],"author":[{"embeddable":true,"href":"https:\/\/geoconseils.lu\/de\/wp-json\/wp\/v2\/users\/1"}],"replies":[{"embeddable":true,"href":"https:\/\/geoconseils.lu\/de\/wp-json\/wp\/v2\/comments?post=706"}],"version-history":[{"count":12,"href":"https:\/\/geoconseils.lu\/de\/wp-json\/wp\/v2\/pages\/706\/revisions"}],"predecessor-version":[{"id":1144,"href":"https:\/\/geoconseils.lu\/de\/wp-json\/wp\/v2\/pages\/706\/revisions\/1144"}],"up":[{"embeddable":true,"href":"https:\/\/geoconseils.lu\/de\/wp-json\/wp\/v2\/pages\/156"}],"wp:featuredmedia":[{"embeddable":true,"href":"https:\/\/geoconseils.lu\/de\/wp-json\/wp\/v2\/media\/700"}],"wp:attachment":[{"href":"https:\/\/geoconseils.lu\/de\/wp-json\/wp\/v2\/media?parent=706"}],"curies":[{"name":"wp","href":"https:\/\/api.w.org\/{rel}","templated":true}]}}